{"id":6802,"date":"2023-10-01T21:04:39","date_gmt":"2023-10-01T21:04:39","guid":{"rendered":"https:\/\/insuquim.cl\/producto\/aceite-mineral-blanco\/"},"modified":"2023-10-01T21:04:39","modified_gmt":"2023-10-01T21:04:39","slug":"aceite-mineral-blanco","status":"publish","type":"product","link":"https:\/\/insuquim.cl\/es\/producto\/aceite-mineral-blanco","title":{"rendered":"ACEITE MINERAL BLANCO"},"content":{"rendered":"<p>Este aceite se obtiene de la refinaci\u00f3n del petr\u00f3leo, y es una sustancia grasa capaz de disipar el dolor. El aceite mineral blanco USP se emplea para productos que tienen contacto directo con las personas, por ejemplo, los aceites de beb\u00e9, cremas, lociones, cosm\u00e9ticos, adem\u00e1s de ser apto para el consumo humano.<\/p>","protected":false},"excerpt":{"rendered":"<p>Este aceite se obtiene de la refinaci\u00f3n del petr\u00f3leo, y es una sustancia grasa capaz de disipar el dolor. El aceite mineral blanco USP se emplea para productos que tienen contacto directo con las personas, por ejemplo, los aceites de beb\u00e9, cremas, lociones, cosm\u00e9ticos, adem\u00e1s de ser apto para el consumo humano.<\/p>","protected":false},"featured_media":6140,"comment_status":"open","ping_status":"closed","template":"","meta":{"_joinchat":[]},"product_cat":[246],"product_tag":[247],"_links":{"self":[{"href":"https:\/\/insuquim.cl\/es\/wp-json\/wp\/v2\/product\/6802"}],"collection":[{"href":"https:\/\/insuquim.cl\/es\/wp-json\/wp\/v2\/product"}],"about":[{"href":"https:\/\/insuquim.cl\/es\/wp-json\/wp\/v2\/types\/product"}],"replies":[{"embeddable":true,"href":"https:\/\/insuquim.cl\/es\/wp-json\/wp\/v2\/comments?post=6802"}],"wp:featuredmedia":[{"embeddable":true,"href":"https:\/\/insuquim.cl\/es\/wp-json\/wp\/v2\/media\/6140"}],"wp:attachment":[{"href":"https:\/\/insuquim.cl\/es\/wp-json\/wp\/v2\/media?parent=6802"}],"wp:term":[{"taxonomy":"product_cat","embeddable":true,"href":"https:\/\/insuquim.cl\/es\/wp-json\/wp\/v2\/product_cat?post=6802"},{"taxonomy":"product_tag","embeddable":true,"href":"https:\/\/insuquim.cl\/es\/wp-json\/wp\/v2\/product_tag?post=6802"}],"curies":[{"name":"wp","href":"https:\/\/api.w.org\/{rel}","templated":true}]}}