{"id":6803,"date":"2023-10-01T21:04:40","date_gmt":"2023-10-01T21:04:40","guid":{"rendered":"https:\/\/insuquim.cl\/producto\/aceite-de-silicona\/"},"modified":"2023-10-01T21:04:40","modified_gmt":"2023-10-01T21:04:40","slug":"aceite-de-silicona","status":"publish","type":"product","link":"https:\/\/insuquim.cl\/es\/producto\/aceite-de-silicona","title":{"rendered":"ACEITE DE SILICONA"},"content":{"rendered":"<p>Es un producto que se puede utilizar para lubricar y proteger diferentes componentes del autom\u00f3vil, como pueden ser piezas de pl\u00e1stico, juntas t\u00f3ricas, gu\u00edas, etc. Una de las principales propiedades del aceite de silicona es su resistencia al agua y a diferentes fluidos, por lo que es eficaz para proteger partes del veh\u00edculo que pueden quedar a la intemperie o a las que les puede afectar la humedad.  Es un producto no reactivo, por lo que se puede utilizar en diferentes superficies sin riesgo de provocar reacciones qu\u00edmicas ni sufrir problemas de corrosi\u00f3n. <\/p>","protected":false},"excerpt":{"rendered":"<p>Es un producto que se puede utilizar para lubricar y proteger diferentes componentes del autom\u00f3vil, como pueden ser piezas de pl\u00e1stico, juntas t\u00f3ricas, gu\u00edas, etc. Una de las principales propiedades del aceite de silicona es su resistencia al agua y a diferentes fluidos, por lo que es eficaz para proteger partes del veh\u00edculo que pueden quedar a la intemperie o a las que les puede afectar la humedad.  Es un producto no reactivo, por lo que se puede utilizar en diferentes superficies sin riesgo de provocar reacciones qu\u00edmicas ni sufrir problemas de corrosi\u00f3n. <\/p>","protected":false},"featured_media":6141,"comment_status":"open","ping_status":"closed","template":"","meta":{"_joinchat":[]},"product_cat":[246],"product_tag":[248],"_links":{"self":[{"href":"https:\/\/insuquim.cl\/es\/wp-json\/wp\/v2\/product\/6803"}],"collection":[{"href":"https:\/\/insuquim.cl\/es\/wp-json\/wp\/v2\/product"}],"about":[{"href":"https:\/\/insuquim.cl\/es\/wp-json\/wp\/v2\/types\/product"}],"replies":[{"embeddable":true,"href":"https:\/\/insuquim.cl\/es\/wp-json\/wp\/v2\/comments?post=6803"}],"wp:featuredmedia":[{"embeddable":true,"href":"https:\/\/insuquim.cl\/es\/wp-json\/wp\/v2\/media\/6141"}],"wp:attachment":[{"href":"https:\/\/insuquim.cl\/es\/wp-json\/wp\/v2\/media?parent=6803"}],"wp:term":[{"taxonomy":"product_cat","embeddable":true,"href":"https:\/\/insuquim.cl\/es\/wp-json\/wp\/v2\/product_cat?post=6803"},{"taxonomy":"product_tag","embeddable":true,"href":"https:\/\/insuquim.cl\/es\/wp-json\/wp\/v2\/product_tag?post=6803"}],"curies":[{"name":"wp","href":"https:\/\/api.w.org\/{rel}","templated":true}]}}