{"id":6806,"date":"2023-10-01T21:04:41","date_gmt":"2023-10-01T21:04:41","guid":{"rendered":"https:\/\/insuquim.cl\/producto\/acetona\/"},"modified":"2023-10-01T21:04:41","modified_gmt":"2023-10-01T21:04:41","slug":"acetona","status":"publish","type":"product","link":"https:\/\/insuquim.cl\/es\/producto\/acetona","title":{"rendered":"ACETONA"},"content":{"rendered":"<p>Es un solvente altamente vol\u00e1til y de baja toxicidad, inflamable y soluble en agua, usado en la fabricaci\u00f3n de pl\u00e1sticos y otros productos industriales como un gran removedor de resinas y pinturas. Tambi\u00e9n utilizada en productos para la limpieza del hogar y de cosm\u00e9tica, siendo particularmente conocida por su presencia en quitaesmaltes.<\/p>","protected":false},"excerpt":{"rendered":"<p>Es un solvente altamente vol\u00e1til y de baja toxicidad, inflamable y soluble en agua, usado en la fabricaci\u00f3n de pl\u00e1sticos y otros productos industriales como un gran removedor de resinas y pinturas. Tambi\u00e9n utilizada en productos para la limpieza del hogar y de cosm\u00e9tica, siendo particularmente conocida por su presencia en quitaesmaltes.<\/p>","protected":false},"featured_media":6146,"comment_status":"open","ping_status":"closed","template":"","meta":{"_joinchat":[]},"product_cat":[251],"product_tag":[249],"_links":{"self":[{"href":"https:\/\/insuquim.cl\/es\/wp-json\/wp\/v2\/product\/6806"}],"collection":[{"href":"https:\/\/insuquim.cl\/es\/wp-json\/wp\/v2\/product"}],"about":[{"href":"https:\/\/insuquim.cl\/es\/wp-json\/wp\/v2\/types\/product"}],"replies":[{"embeddable":true,"href":"https:\/\/insuquim.cl\/es\/wp-json\/wp\/v2\/comments?post=6806"}],"wp:featuredmedia":[{"embeddable":true,"href":"https:\/\/insuquim.cl\/es\/wp-json\/wp\/v2\/media\/6146"}],"wp:attachment":[{"href":"https:\/\/insuquim.cl\/es\/wp-json\/wp\/v2\/media?parent=6806"}],"wp:term":[{"taxonomy":"product_cat","embeddable":true,"href":"https:\/\/insuquim.cl\/es\/wp-json\/wp\/v2\/product_cat?post=6806"},{"taxonomy":"product_tag","embeddable":true,"href":"https:\/\/insuquim.cl\/es\/wp-json\/wp\/v2\/product_tag?post=6806"}],"curies":[{"name":"wp","href":"https:\/\/api.w.org\/{rel}","templated":true}]}}