{"id":6809,"date":"2023-10-01T21:04:42","date_gmt":"2023-10-01T21:04:42","guid":{"rendered":"https:\/\/insuquim.cl\/producto\/acido-acetico-99\/"},"modified":"2023-10-01T21:04:42","modified_gmt":"2023-10-01T21:04:42","slug":"acido-acetico-99","status":"publish","type":"product","link":"https:\/\/insuquim.cl\/es\/producto\/acido-acetico-99","title":{"rendered":"ACIDO ACETICO 99%"},"content":{"rendered":"<p>Tambien conocido como acido acetico glacial. Es un compuesto puro (99,8% m\u00ednimo), que lo diferencia de las soluciones acuosas frecuentemente halladas y que reciben el nombre de \u00e1cido ac\u00e9tico. \u00c9ste es un \u00e1cido que se encuentra en el vinagre, el cual le da su sabor y olor agrios. Es un l\u00edquido claro e incoloro, con olor muy picante. Miscible con agua, alcohol, glicerol y \u00e9ter; insoluble en sulfuro de carbono. Su bajo punto de fusion 16,6 \u00b0C hace que en periodos frios se congele facilmente. Es ampliamente utilizado en la apicultura ya que ayuda con el control de las larvas y huevos de las polillas de la cera, enfermedad denominada galleriosis, que destruyen los panales de cera que las abejas mel\u00edferas obran para criar o acumular la miel, tambien es muy usado en la industria textil y del cuero ya que es necesario en la fabricaci\u00f3n de acetatos, en miner\u00eda como reactivo de flotaci\u00f3n, en la industria farmac\u00e9utica en la formulaci\u00f3n de herbicidas y en la industria de la quimica analitica en general como un solvente \u00e1cido puro.<\/p>","protected":false},"excerpt":{"rendered":"<p>Tambien conocido como acido acetico glacial. Es un compuesto puro (99,8% m\u00ednimo), que lo diferencia de las soluciones acuosas frecuentemente halladas y que reciben el nombre de \u00e1cido ac\u00e9tico. \u00c9ste es un \u00e1cido que se encuentra en el vinagre, el cual le da su sabor y olor agrios. Es un l\u00edquido claro e incoloro, con olor muy picante. Miscible con agua, alcohol, glicerol y \u00e9ter; insoluble en sulfuro de carbono. Su bajo punto de fusion 16,6 \u00b0C hace que en periodos frios se congele facilmente. Es ampliamente utilizado en la apicultura ya que ayuda con el control de las larvas y huevos de las polillas de la cera, enfermedad denominada galleriosis, que destruyen los panales de cera que las abejas mel\u00edferas obran para criar o acumular la miel, tambien es muy usado en la industria textil y del cuero ya que es necesario en la fabricaci\u00f3n de acetatos, en miner\u00eda como reactivo de flotaci\u00f3n, en la industria farmac\u00e9utica en la formulaci\u00f3n de herbicidas y en la industria de la quimica analitica en general como un solvente \u00e1cido puro.<\/p>","protected":false},"featured_media":6151,"comment_status":"open","ping_status":"closed","template":"","meta":{"_joinchat":[]},"product_cat":[253],"product_tag":[247],"_links":{"self":[{"href":"https:\/\/insuquim.cl\/es\/wp-json\/wp\/v2\/product\/6809"}],"collection":[{"href":"https:\/\/insuquim.cl\/es\/wp-json\/wp\/v2\/product"}],"about":[{"href":"https:\/\/insuquim.cl\/es\/wp-json\/wp\/v2\/types\/product"}],"replies":[{"embeddable":true,"href":"https:\/\/insuquim.cl\/es\/wp-json\/wp\/v2\/comments?post=6809"}],"wp:featuredmedia":[{"embeddable":true,"href":"https:\/\/insuquim.cl\/es\/wp-json\/wp\/v2\/media\/6151"}],"wp:attachment":[{"href":"https:\/\/insuquim.cl\/es\/wp-json\/wp\/v2\/media?parent=6809"}],"wp:term":[{"taxonomy":"product_cat","embeddable":true,"href":"https:\/\/insuquim.cl\/es\/wp-json\/wp\/v2\/product_cat?post=6809"},{"taxonomy":"product_tag","embeddable":true,"href":"https:\/\/insuquim.cl\/es\/wp-json\/wp\/v2\/product_tag?post=6809"}],"curies":[{"name":"wp","href":"https:\/\/api.w.org\/{rel}","templated":true}]}}