{"id":6811,"date":"2023-10-01T21:04:43","date_gmt":"2023-10-01T21:04:43","guid":{"rendered":"https:\/\/insuquim.cl\/producto\/acido-borico\/"},"modified":"2023-10-01T21:04:43","modified_gmt":"2023-10-01T21:04:43","slug":"acido-borico","status":"publish","type":"product","link":"https:\/\/insuquim.cl\/es\/producto\/acido-borico","title":{"rendered":"ACIDO BORICO"},"content":{"rendered":"<p>Polvo qu\u00edmico ligeramente \u00e1cido usado como antis\u00e9ptico, insecticida, retardante de la llama y precursor de otros compuestos qu\u00edmicos. Es usado tambi\u00e9n como agente tamp\u00f3n para regulaci\u00f3n del pH. Es muy empleado en la fabricaci\u00f3n de pesticidas e insecticidasampliamente en sectores e industrias que van desde la construcci\u00f3n hasta la formulaci\u00f3n de productos farmac\u00e9uticos, cosm\u00e9ticos incluso agro-industriales.<\/p>","protected":false},"excerpt":{"rendered":"<p>Polvo qu\u00edmico ligeramente \u00e1cido usado como antis\u00e9ptico, insecticida, retardante de la llama y precursor de otros compuestos qu\u00edmicos. Es usado tambi\u00e9n como agente tamp\u00f3n para regulaci\u00f3n del pH. Es muy empleado en la fabricaci\u00f3n de pesticidas e insecticidasampliamente en sectores e industrias que van desde la construcci\u00f3n hasta la formulaci\u00f3n de productos farmac\u00e9uticos, cosm\u00e9ticos incluso agro-industriales.<\/p>","protected":false},"featured_media":6155,"comment_status":"open","ping_status":"closed","template":"","meta":{"_joinchat":[]},"product_cat":[253],"product_tag":[248],"_links":{"self":[{"href":"https:\/\/insuquim.cl\/es\/wp-json\/wp\/v2\/product\/6811"}],"collection":[{"href":"https:\/\/insuquim.cl\/es\/wp-json\/wp\/v2\/product"}],"about":[{"href":"https:\/\/insuquim.cl\/es\/wp-json\/wp\/v2\/types\/product"}],"replies":[{"embeddable":true,"href":"https:\/\/insuquim.cl\/es\/wp-json\/wp\/v2\/comments?post=6811"}],"wp:featuredmedia":[{"embeddable":true,"href":"https:\/\/insuquim.cl\/es\/wp-json\/wp\/v2\/media\/6155"}],"wp:attachment":[{"href":"https:\/\/insuquim.cl\/es\/wp-json\/wp\/v2\/media?parent=6811"}],"wp:term":[{"taxonomy":"product_cat","embeddable":true,"href":"https:\/\/insuquim.cl\/es\/wp-json\/wp\/v2\/product_cat?post=6811"},{"taxonomy":"product_tag","embeddable":true,"href":"https:\/\/insuquim.cl\/es\/wp-json\/wp\/v2\/product_tag?post=6811"}],"curies":[{"name":"wp","href":"https:\/\/api.w.org\/{rel}","templated":true}]}}