{"id":6812,"date":"2023-10-01T21:04:44","date_gmt":"2023-10-01T21:04:44","guid":{"rendered":"https:\/\/insuquim.cl\/producto\/acido-citrico-anhidro\/"},"modified":"2023-10-01T21:04:44","modified_gmt":"2023-10-01T21:04:44","slug":"acido-citrico-anhidro","status":"publish","type":"product","link":"https:\/\/insuquim.cl\/es\/producto\/acido-citrico-anhidro","title":{"rendered":"ACIDO CITRICO ANHIDRO"},"content":{"rendered":"<p>Es un conservante alimenticio soluble en agua y de sabor agradable que tiene m\u00faltiples de aplicaciones industriales. Es uno de los principales aditivos alimentarios, usado como conservante, anti-oxidante, acidulante y saborizante de golosinas, bebidas gaseosas y otros alimentos. Tambi\u00e9n es usado en la industria farmac\u00e9utica, para lograr efervescencia y sabor, y tambi\u00e9n como anticoagulante de la sangre. Se agrega a detergentes y otros productos de limpieza, para estabilizarlos, otorgarle acidez, y reemplazar a los corrosivos m\u00e1s fuertes.<\/p>","protected":false},"excerpt":{"rendered":"<p>Es un conservante alimenticio soluble en agua y de sabor agradable que tiene m\u00faltiples de aplicaciones industriales. Es uno de los principales aditivos alimentarios, usado como conservante, anti-oxidante, acidulante y saborizante de golosinas, bebidas gaseosas y otros alimentos. Tambi\u00e9n es usado en la industria farmac\u00e9utica, para lograr efervescencia y sabor, y tambi\u00e9n como anticoagulante de la sangre. Se agrega a detergentes y otros productos de limpieza, para estabilizarlos, otorgarle acidez, y reemplazar a los corrosivos m\u00e1s fuertes.<\/p>","protected":false},"featured_media":6154,"comment_status":"open","ping_status":"closed","template":"","meta":{"_joinchat":[]},"product_cat":[253],"product_tag":[244],"_links":{"self":[{"href":"https:\/\/insuquim.cl\/es\/wp-json\/wp\/v2\/product\/6812"}],"collection":[{"href":"https:\/\/insuquim.cl\/es\/wp-json\/wp\/v2\/product"}],"about":[{"href":"https:\/\/insuquim.cl\/es\/wp-json\/wp\/v2\/types\/product"}],"replies":[{"embeddable":true,"href":"https:\/\/insuquim.cl\/es\/wp-json\/wp\/v2\/comments?post=6812"}],"wp:featuredmedia":[{"embeddable":true,"href":"https:\/\/insuquim.cl\/es\/wp-json\/wp\/v2\/media\/6154"}],"wp:attachment":[{"href":"https:\/\/insuquim.cl\/es\/wp-json\/wp\/v2\/media?parent=6812"}],"wp:term":[{"taxonomy":"product_cat","embeddable":true,"href":"https:\/\/insuquim.cl\/es\/wp-json\/wp\/v2\/product_cat?post=6812"},{"taxonomy":"product_tag","embeddable":true,"href":"https:\/\/insuquim.cl\/es\/wp-json\/wp\/v2\/product_tag?post=6812"}],"curies":[{"name":"wp","href":"https:\/\/api.w.org\/{rel}","templated":true}]}}