{"id":6814,"date":"2023-10-01T21:04:44","date_gmt":"2023-10-01T21:04:44","guid":{"rendered":"https:\/\/insuquim.cl\/producto\/acido-clorhidrico-32\/"},"modified":"2023-10-01T21:04:44","modified_gmt":"2023-10-01T21:04:44","slug":"acido-clorhidrico-32","status":"publish","type":"product","link":"https:\/\/insuquim.cl\/es\/producto\/acido-clorhidrico-32","title":{"rendered":"ACIDO CLORHIDRICO 32%"},"content":{"rendered":"<p>Es un \u00e1cido de alta estabilidad t\u00e9rmica, alto poder irritante, corrosivo, t\u00f3xico y soluble en agua. otros. Posee una amplia variedad de aplicaciones entre las cuales resaltan: En la depuraci\u00f3n de metales ya que act\u00faa en el tratamiento superficial del metal eliminando contaminantes, \u00f3xidos, manchas e impurezas afines. (acci\u00f3n decapante). En la industria alimenticia es utilizado en la preparaci\u00f3n y purificaci\u00f3n de una importante pluralidad de alimentos<\/p>","protected":false},"excerpt":{"rendered":"<p>Es un \u00e1cido de alta estabilidad t\u00e9rmica, alto poder irritante, corrosivo, t\u00f3xico y soluble en agua. otros. Posee una amplia variedad de aplicaciones entre las cuales resaltan: En la depuraci\u00f3n de metales ya que act\u00faa en el tratamiento superficial del metal eliminando contaminantes, \u00f3xidos, manchas e impurezas afines. (acci\u00f3n decapante). En la industria alimenticia es utilizado en la preparaci\u00f3n y purificaci\u00f3n de una importante pluralidad de alimentos<\/p>","protected":false},"featured_media":6158,"comment_status":"open","ping_status":"closed","template":"","meta":{"_joinchat":[]},"product_cat":[253],"product_tag":[248],"_links":{"self":[{"href":"https:\/\/insuquim.cl\/es\/wp-json\/wp\/v2\/product\/6814"}],"collection":[{"href":"https:\/\/insuquim.cl\/es\/wp-json\/wp\/v2\/product"}],"about":[{"href":"https:\/\/insuquim.cl\/es\/wp-json\/wp\/v2\/types\/product"}],"replies":[{"embeddable":true,"href":"https:\/\/insuquim.cl\/es\/wp-json\/wp\/v2\/comments?post=6814"}],"wp:featuredmedia":[{"embeddable":true,"href":"https:\/\/insuquim.cl\/es\/wp-json\/wp\/v2\/media\/6158"}],"wp:attachment":[{"href":"https:\/\/insuquim.cl\/es\/wp-json\/wp\/v2\/media?parent=6814"}],"wp:term":[{"taxonomy":"product_cat","embeddable":true,"href":"https:\/\/insuquim.cl\/es\/wp-json\/wp\/v2\/product_cat?post=6814"},{"taxonomy":"product_tag","embeddable":true,"href":"https:\/\/insuquim.cl\/es\/wp-json\/wp\/v2\/product_tag?post=6814"}],"curies":[{"name":"wp","href":"https:\/\/api.w.org\/{rel}","templated":true}]}}