{"id":6819,"date":"2023-10-01T21:04:48","date_gmt":"2023-10-01T21:04:48","guid":{"rendered":"https:\/\/insuquim.cl\/producto\/acido-fosforico-85-fg\/"},"modified":"2023-10-01T21:04:48","modified_gmt":"2023-10-01T21:04:48","slug":"acido-fosforico-85-fg","status":"publish","type":"product","link":"https:\/\/insuquim.cl\/es\/producto\/acido-fosforico-85-fg","title":{"rendered":"ACIDO FOSFORICO 85% FG"},"content":{"rendered":"<p>Es un \u00e1cido mineral relativamente d\u00e9bil, estable a temperatura ambiente y soluble en agua. Se usa en una amplia gama de aplicaciones industriales como fertilizante para plantas. En el rubro alimenticio se usa como aditivo para desinfectar \u00e1reas de preparaci\u00f3n de alimentos y maquinaria comercial. Se puede usar para disminuir el pH de un suelo o una soluci\u00f3n nutritiva y como removedor de \u00f3xido en implementos de metal.<\/p>","protected":false},"excerpt":{"rendered":"<p>Es un \u00e1cido mineral relativamente d\u00e9bil, estable a temperatura ambiente y soluble en agua. Se usa en una amplia gama de aplicaciones industriales como fertilizante para plantas. En el rubro alimenticio se usa como aditivo para desinfectar \u00e1reas de preparaci\u00f3n de alimentos y maquinaria comercial. Se puede usar para disminuir el pH de un suelo o una soluci\u00f3n nutritiva y como removedor de \u00f3xido en implementos de metal.<\/p>","protected":false},"featured_media":6161,"comment_status":"open","ping_status":"closed","template":"","meta":{"_joinchat":[]},"product_cat":[253],"product_tag":[247],"_links":{"self":[{"href":"https:\/\/insuquim.cl\/es\/wp-json\/wp\/v2\/product\/6819"}],"collection":[{"href":"https:\/\/insuquim.cl\/es\/wp-json\/wp\/v2\/product"}],"about":[{"href":"https:\/\/insuquim.cl\/es\/wp-json\/wp\/v2\/types\/product"}],"replies":[{"embeddable":true,"href":"https:\/\/insuquim.cl\/es\/wp-json\/wp\/v2\/comments?post=6819"}],"wp:featuredmedia":[{"embeddable":true,"href":"https:\/\/insuquim.cl\/es\/wp-json\/wp\/v2\/media\/6161"}],"wp:attachment":[{"href":"https:\/\/insuquim.cl\/es\/wp-json\/wp\/v2\/media?parent=6819"}],"wp:term":[{"taxonomy":"product_cat","embeddable":true,"href":"https:\/\/insuquim.cl\/es\/wp-json\/wp\/v2\/product_cat?post=6819"},{"taxonomy":"product_tag","embeddable":true,"href":"https:\/\/insuquim.cl\/es\/wp-json\/wp\/v2\/product_tag?post=6819"}],"curies":[{"name":"wp","href":"https:\/\/api.w.org\/{rel}","templated":true}]}}