{"id":6820,"date":"2023-10-01T21:04:49","date_gmt":"2023-10-01T21:04:49","guid":{"rendered":"https:\/\/insuquim.cl\/producto\/acido-fosforoso\/"},"modified":"2023-10-01T21:04:49","modified_gmt":"2023-10-01T21:04:49","slug":"acido-fosforoso","status":"publish","type":"product","link":"https:\/\/insuquim.cl\/es\/producto\/acido-fosforoso","title":{"rendered":"ACIDO FOSFOROSO"},"content":{"rendered":"<p>Tambi\u00e9n conocido como \u00e1cido ortofosforoso, es un compuesto qu\u00edmico que tiene la f\u00f3rmula H3PO3, es un \u00e1cido inorg\u00e1nico fuerte y la forma m\u00e1s com\u00fan de encontrar f\u00f3sforo en la naturaleza. Se caracteriza por ser un \u00e1cido dipr\u00f3tico, es decir, que tiene la capacidad de ionizar dos protones. Se obtiene mediante el tratamiento de piedras de fosfato de calcio con \u00e1cido sulf\u00farico; el l\u00edquido resultante se filtra para extraer el \u00e1cido fosforoso. Otro medio de obtenci\u00f3n es a trav\u00e9s de la quema de vapores de f\u00f3sforo y el tratamiento del \u00f3xido resultante con vapor de agua. El \u00e1cido fosforoso se utiliza en aplicaciones de la agroindustria para la formulaci\u00f3n de fertilizantes, donde se aprovechan los nutrientes de los fosfitos para dar fortaleza a los suelos, proteger las cosechas, evitar el crecimiento de bacterias y hongos, y tener cultivos de mejor calidad. Las sales de fosfito son m\u00e1s solubles que otras sales de fosfato por lo que se usa en aplicaci\u00f3n foliar, ba\u00f1o a la ra\u00edz y cuello de las plantas, mediante riego por goteo mezclado en soluciones en hidropon\u00eda, en aplicaciones a\u00e9reas o como tratamiento de inmersi\u00f3n para semillas.<\/p>","protected":false},"excerpt":{"rendered":"<p>Tambi\u00e9n conocido como \u00e1cido ortofosforoso, es un compuesto qu\u00edmico que tiene la f\u00f3rmula H3PO3, es un \u00e1cido inorg\u00e1nico fuerte y la forma m\u00e1s com\u00fan de encontrar f\u00f3sforo en la naturaleza. Se caracteriza por ser un \u00e1cido dipr\u00f3tico, es decir, que tiene la capacidad de ionizar dos protones. Se obtiene mediante el tratamiento de piedras de fosfato de calcio con \u00e1cido sulf\u00farico; el l\u00edquido resultante se filtra para extraer el \u00e1cido fosforoso. Otro medio de obtenci\u00f3n es a trav\u00e9s de la quema de vapores de f\u00f3sforo y el tratamiento del \u00f3xido resultante con vapor de agua. El \u00e1cido fosforoso se utiliza en aplicaciones de la agroindustria para la formulaci\u00f3n de fertilizantes, donde se aprovechan los nutrientes de los fosfitos para dar fortaleza a los suelos, proteger las cosechas, evitar el crecimiento de bacterias y hongos, y tener cultivos de mejor calidad. Las sales de fosfito son m\u00e1s solubles que otras sales de fosfato por lo que se usa en aplicaci\u00f3n foliar, ba\u00f1o a la ra\u00edz y cuello de las plantas, mediante riego por goteo mezclado en soluciones en hidropon\u00eda, en aplicaciones a\u00e9reas o como tratamiento de inmersi\u00f3n para semillas.<\/p>","protected":false},"featured_media":6162,"comment_status":"open","ping_status":"closed","template":"","meta":{"_joinchat":[]},"product_cat":[253],"product_tag":[247],"_links":{"self":[{"href":"https:\/\/insuquim.cl\/es\/wp-json\/wp\/v2\/product\/6820"}],"collection":[{"href":"https:\/\/insuquim.cl\/es\/wp-json\/wp\/v2\/product"}],"about":[{"href":"https:\/\/insuquim.cl\/es\/wp-json\/wp\/v2\/types\/product"}],"replies":[{"embeddable":true,"href":"https:\/\/insuquim.cl\/es\/wp-json\/wp\/v2\/comments?post=6820"}],"wp:featuredmedia":[{"embeddable":true,"href":"https:\/\/insuquim.cl\/es\/wp-json\/wp\/v2\/media\/6162"}],"wp:attachment":[{"href":"https:\/\/insuquim.cl\/es\/wp-json\/wp\/v2\/media?parent=6820"}],"wp:term":[{"taxonomy":"product_cat","embeddable":true,"href":"https:\/\/insuquim.cl\/es\/wp-json\/wp\/v2\/product_cat?post=6820"},{"taxonomy":"product_tag","embeddable":true,"href":"https:\/\/insuquim.cl\/es\/wp-json\/wp\/v2\/product_tag?post=6820"}],"curies":[{"name":"wp","href":"https:\/\/api.w.org\/{rel}","templated":true}]}}