{"id":6821,"date":"2023-10-01T21:04:49","date_gmt":"2023-10-01T21:04:49","guid":{"rendered":"https:\/\/insuquim.cl\/producto\/acido-humico\/"},"modified":"2023-10-01T21:04:49","modified_gmt":"2023-10-01T21:04:49","slug":"acido-humico","status":"publish","type":"product","link":"https:\/\/insuquim.cl\/es\/producto\/acido-humico","title":{"rendered":"ACIDO HUMICO"},"content":{"rendered":"<p>Los \u00e1cidos h\u00famicos son una excelente forma natural y org\u00e1nica de proporcionar a las plantas y al suelo una dosis concentrada de nutrientes esenciales, vitaminas y oligoelementos. Son mol\u00e9culas complejas que existen naturalmente en los suelos, turbas, oc\u00e9anos y aguas dulces. La mejor fuente de \u00e1cidos h\u00famicos son las capas de sedimentaci\u00f3n de lignito blando, que se conocen como Leonardita. Los \u00e1cidos h\u00famicos de base granular son \u00e1cidos f\u00f3siles de Leonardita; por su formaci\u00f3n geol\u00f3gica es una materia org\u00e1nica muy estable en el suelo y muy activa. Gracias a sus largas cadenas de carbono que interact\u00faan con las arcillas y minerales (nitr\u00f3geno, f\u00f3sforo, calcio, fierro, etc) son la herramienta t\u00e9cnicamente m\u00e1s eficaz y eficiente para mejorar la estructura del suelo. Su principal uso es en area agroindustrial, especificamente en suelos y plantas ya que mejora la conductividad hidr\u00e1ulica y aireaci\u00f3n de suelos arcillosos al formar agregados m\u00e1s estables con las arcillas, en suelos livianos (arenosos), mejora la reacci\u00f3n h\u00eddrica y la retenci\u00f3n de nutrientes, aumenta la actividad biol\u00f3gica del suelo, al proporcional un ambiente ideal para los microorganismos, promueve el desarrollo radicular especialmente en ra\u00edces finas, aumentando la superficie activa de las ra\u00edces y aumenta la permeabilidad de la membrana de las ra\u00edces, mejorando la absorci\u00f3n de nutrientes.<\/p>","protected":false},"excerpt":{"rendered":"<p>Los \u00e1cidos h\u00famicos son una excelente forma natural y org\u00e1nica de proporcionar a las plantas y al suelo una dosis concentrada de nutrientes esenciales, vitaminas y oligoelementos. Son mol\u00e9culas complejas que existen naturalmente en los suelos, turbas, oc\u00e9anos y aguas dulces. La mejor fuente de \u00e1cidos h\u00famicos son las capas de sedimentaci\u00f3n de lignito blando, que se conocen como Leonardita. Los \u00e1cidos h\u00famicos de base granular son \u00e1cidos f\u00f3siles de Leonardita; por su formaci\u00f3n geol\u00f3gica es una materia org\u00e1nica muy estable en el suelo y muy activa. Gracias a sus largas cadenas de carbono que interact\u00faan con las arcillas y minerales (nitr\u00f3geno, f\u00f3sforo, calcio, fierro, etc) son la herramienta t\u00e9cnicamente m\u00e1s eficaz y eficiente para mejorar la estructura del suelo. Su principal uso es en area agroindustrial, especificamente en suelos y plantas ya que mejora la conductividad hidr\u00e1ulica y aireaci\u00f3n de suelos arcillosos al formar agregados m\u00e1s estables con las arcillas, en suelos livianos (arenosos), mejora la reacci\u00f3n h\u00eddrica y la retenci\u00f3n de nutrientes, aumenta la actividad biol\u00f3gica del suelo, al proporcional un ambiente ideal para los microorganismos, promueve el desarrollo radicular especialmente en ra\u00edces finas, aumentando la superficie activa de las ra\u00edces y aumenta la permeabilidad de la membrana de las ra\u00edces, mejorando la absorci\u00f3n de nutrientes.<\/p>","protected":false},"featured_media":6283,"comment_status":"open","ping_status":"closed","template":"","meta":{"_joinchat":[]},"product_cat":[253],"product_tag":[247],"_links":{"self":[{"href":"https:\/\/insuquim.cl\/es\/wp-json\/wp\/v2\/product\/6821"}],"collection":[{"href":"https:\/\/insuquim.cl\/es\/wp-json\/wp\/v2\/product"}],"about":[{"href":"https:\/\/insuquim.cl\/es\/wp-json\/wp\/v2\/types\/product"}],"replies":[{"embeddable":true,"href":"https:\/\/insuquim.cl\/es\/wp-json\/wp\/v2\/comments?post=6821"}],"wp:featuredmedia":[{"embeddable":true,"href":"https:\/\/insuquim.cl\/es\/wp-json\/wp\/v2\/media\/6283"}],"wp:attachment":[{"href":"https:\/\/insuquim.cl\/es\/wp-json\/wp\/v2\/media?parent=6821"}],"wp:term":[{"taxonomy":"product_cat","embeddable":true,"href":"https:\/\/insuquim.cl\/es\/wp-json\/wp\/v2\/product_cat?post=6821"},{"taxonomy":"product_tag","embeddable":true,"href":"https:\/\/insuquim.cl\/es\/wp-json\/wp\/v2\/product_tag?post=6821"}],"curies":[{"name":"wp","href":"https:\/\/api.w.org\/{rel}","templated":true}]}}