{"id":6827,"date":"2023-10-01T21:04:52","date_gmt":"2023-10-01T21:04:52","guid":{"rendered":"https:\/\/insuquim.cl\/producto\/acido-oxalico-99\/"},"modified":"2023-10-01T21:04:52","modified_gmt":"2023-10-01T21:04:52","slug":"acido-oxalico-99","status":"publish","type":"product","link":"https:\/\/insuquim.cl\/es\/producto\/acido-oxalico-99","title":{"rendered":"ACIDO OXALICO 99%"},"content":{"rendered":"<p>Es un acido org\u00e1nico soluble en agua y etanol. Tiene m\u00faltiples usos industriales entre los que destacan: en construcci\u00f3n y aseo del hogar es usado para pulir pisos de m\u00e1rmol, granito y similares, limpiar ba\u00f1os, sanitarios y lavamanos. Ayuda a eliminar \u00f3xido en piezas principalmente de acero y cromadas ya sean utensilios, piezas de bicicleta, tornillos. En apicultura este \u00e1cido es utilizado en el control de la varroosis una enfermedad causada por \u00e1caros del g\u00e9nero Varroa que atacan a las abejas mel\u00edferas.<\/p>","protected":false},"excerpt":{"rendered":"<p>Es un acido org\u00e1nico soluble en agua y etanol. Tiene m\u00faltiples usos industriales entre los que destacan: en construcci\u00f3n y aseo del hogar es usado para pulir pisos de m\u00e1rmol, granito y similares, limpiar ba\u00f1os, sanitarios y lavamanos. Ayuda a eliminar \u00f3xido en piezas principalmente de acero y cromadas ya sean utensilios, piezas de bicicleta, tornillos. En apicultura este \u00e1cido es utilizado en el control de la varroosis una enfermedad causada por \u00e1caros del g\u00e9nero Varroa que atacan a las abejas mel\u00edferas.<\/p>","protected":false},"featured_media":6289,"comment_status":"open","ping_status":"closed","template":"","meta":{"_joinchat":[]},"product_cat":[253],"product_tag":[248],"_links":{"self":[{"href":"https:\/\/insuquim.cl\/es\/wp-json\/wp\/v2\/product\/6827"}],"collection":[{"href":"https:\/\/insuquim.cl\/es\/wp-json\/wp\/v2\/product"}],"about":[{"href":"https:\/\/insuquim.cl\/es\/wp-json\/wp\/v2\/types\/product"}],"replies":[{"embeddable":true,"href":"https:\/\/insuquim.cl\/es\/wp-json\/wp\/v2\/comments?post=6827"}],"wp:featuredmedia":[{"embeddable":true,"href":"https:\/\/insuquim.cl\/es\/wp-json\/wp\/v2\/media\/6289"}],"wp:attachment":[{"href":"https:\/\/insuquim.cl\/es\/wp-json\/wp\/v2\/media?parent=6827"}],"wp:term":[{"taxonomy":"product_cat","embeddable":true,"href":"https:\/\/insuquim.cl\/es\/wp-json\/wp\/v2\/product_cat?post=6827"},{"taxonomy":"product_tag","embeddable":true,"href":"https:\/\/insuquim.cl\/es\/wp-json\/wp\/v2\/product_tag?post=6827"}],"curies":[{"name":"wp","href":"https:\/\/api.w.org\/{rel}","templated":true}]}}