{"id":6828,"date":"2023-10-01T21:04:52","date_gmt":"2023-10-01T21:04:52","guid":{"rendered":"https:\/\/insuquim.cl\/producto\/acido-salicilico-usp\/"},"modified":"2023-10-01T21:04:52","modified_gmt":"2023-10-01T21:04:52","slug":"acido-salicilico-usp","status":"publish","type":"product","link":"https:\/\/insuquim.cl\/es\/producto\/acido-salicilico-usp","title":{"rendered":"ACIDO SALICILICO USP"},"content":{"rendered":"<p>Se trata de un s\u00f3lido incoloro que se suele cristalizar en forma de agujas. Ligeramente soluble en agua pero muy buena solubilidad en etanol, benceno, cloroformo y \u00e9ter . Este producto sirve como materia prima para la obtenci\u00f3n del \u00e1cido acetilsalic\u00edlico, comercialmente conocido como aspirina. Las sales y los \u00e9steres del \u00e1cido salic\u00edlico se conocen con el nombre de salicilatos. El \u00e1cido salic\u00edlico t\u00f3pico alivia el acn\u00e9 al reducir la hinchaz\u00f3n y enrojecimiento y abrir los poros de la piel obstruidos, lo que permite que las espinillas se sequen. Alivia otras enfermedades de la piel al suavizar y aflojar la piel seca, escamosa o engrosada para facilitar su desprendimiento o eliminaci\u00f3n. En la industria agricola es un regulador de crecimiento de las plantas, se ha reportado que incrementa la productividad de cultivos hort\u00edcolas tales como pepino, tomate, pimiento morr\u00f3n y chile habanero.<\/p>","protected":false},"excerpt":{"rendered":"<p>Se trata de un s\u00f3lido incoloro que se suele cristalizar en forma de agujas. Ligeramente soluble en agua pero muy buena solubilidad en etanol, benceno, cloroformo y \u00e9ter . Este producto sirve como materia prima para la obtenci\u00f3n del \u00e1cido acetilsalic\u00edlico, comercialmente conocido como aspirina. Las sales y los \u00e9steres del \u00e1cido salic\u00edlico se conocen con el nombre de salicilatos. El \u00e1cido salic\u00edlico t\u00f3pico alivia el acn\u00e9 al reducir la hinchaz\u00f3n y enrojecimiento y abrir los poros de la piel obstruidos, lo que permite que las espinillas se sequen. Alivia otras enfermedades de la piel al suavizar y aflojar la piel seca, escamosa o engrosada para facilitar su desprendimiento o eliminaci\u00f3n. En la industria agricola es un regulador de crecimiento de las plantas, se ha reportado que incrementa la productividad de cultivos hort\u00edcolas tales como pepino, tomate, pimiento morr\u00f3n y chile habanero.<\/p>","protected":false},"featured_media":6290,"comment_status":"open","ping_status":"closed","template":"","meta":{"_joinchat":[]},"product_cat":[253],"product_tag":[244],"_links":{"self":[{"href":"https:\/\/insuquim.cl\/es\/wp-json\/wp\/v2\/product\/6828"}],"collection":[{"href":"https:\/\/insuquim.cl\/es\/wp-json\/wp\/v2\/product"}],"about":[{"href":"https:\/\/insuquim.cl\/es\/wp-json\/wp\/v2\/types\/product"}],"replies":[{"embeddable":true,"href":"https:\/\/insuquim.cl\/es\/wp-json\/wp\/v2\/comments?post=6828"}],"wp:featuredmedia":[{"embeddable":true,"href":"https:\/\/insuquim.cl\/es\/wp-json\/wp\/v2\/media\/6290"}],"wp:attachment":[{"href":"https:\/\/insuquim.cl\/es\/wp-json\/wp\/v2\/media?parent=6828"}],"wp:term":[{"taxonomy":"product_cat","embeddable":true,"href":"https:\/\/insuquim.cl\/es\/wp-json\/wp\/v2\/product_cat?post=6828"},{"taxonomy":"product_tag","embeddable":true,"href":"https:\/\/insuquim.cl\/es\/wp-json\/wp\/v2\/product_tag?post=6828"}],"curies":[{"name":"wp","href":"https:\/\/api.w.org\/{rel}","templated":true}]}}