{"id":6834,"date":"2023-10-01T21:04:57","date_gmt":"2023-10-01T21:04:57","guid":{"rendered":"https:\/\/insuquim.cl\/producto\/agar-agar-polvo-puro\/"},"modified":"2023-10-01T21:04:57","modified_gmt":"2023-10-01T21:04:57","slug":"agar-agar-polvo-puro","status":"publish","type":"product","link":"https:\/\/insuquim.cl\/es\/producto\/agar-agar-polvo-puro","title":{"rendered":"AGAR AGAR POLVO PURO"},"content":{"rendered":"<p>Agar es una sustancia hidrof\u00edlica coloidal seca (polvo) que se extrae de ciertas algas marinas de la clase Rhodophyceae. Es un polisac\u00e1rido constituido principalmente por unidades D y L-Galactosa. Cada diez unidades pueden tener un grupo \u00e9ster sulfatado. Ciertos cationes como calcio, magnesio, sodio y potasio pueden estar asociados al polisac\u00e1rido. Este hidrocoloide es extra\u00eddo completamente de algas marinas Gracilaria spp., principalmente obtenidas de las costas de Chile en el oc\u00e9ano Pac\u00edfico. El agar se obtiene bajo procesos de extracci\u00f3n qu\u00edmica, separaci\u00f3n f\u00edsica, gelificaci\u00f3n, secado y molienda. Su principal uso es en la industrial alimenticia ya que se utiliza como estabilizante y agente gelificante en productos de panader\u00eda, productos de confiter\u00eda, productos l\u00e1cteos, carne y pescado enlatados, sopas, salsas, bebidas, rellenos de tartas, glaseados. Se usa como estabilizador en helados y sorbetes y como agente mejorante de la textura de queso.<\/p>","protected":false},"excerpt":{"rendered":"<p>Agar es una sustancia hidrof\u00edlica coloidal seca (polvo) que se extrae de ciertas algas marinas de la clase Rhodophyceae. Es un polisac\u00e1rido constituido principalmente por unidades D y L-Galactosa. Cada diez unidades pueden tener un grupo \u00e9ster sulfatado. Ciertos cationes como calcio, magnesio, sodio y potasio pueden estar asociados al polisac\u00e1rido. Este hidrocoloide es extra\u00eddo completamente de algas marinas Gracilaria spp., principalmente obtenidas de las costas de Chile en el oc\u00e9ano Pac\u00edfico. El agar se obtiene bajo procesos de extracci\u00f3n qu\u00edmica, separaci\u00f3n f\u00edsica, gelificaci\u00f3n, secado y molienda. Su principal uso es en la industrial alimenticia ya que se utiliza como estabilizante y agente gelificante en productos de panader\u00eda, productos de confiter\u00eda, productos l\u00e1cteos, carne y pescado enlatados, sopas, salsas, bebidas, rellenos de tartas, glaseados. Se usa como estabilizador en helados y sorbetes y como agente mejorante de la textura de queso.<\/p>","protected":false},"featured_media":6296,"comment_status":"open","ping_status":"closed","template":"","meta":{"_joinchat":[]},"product_cat":[255],"product_tag":[244],"_links":{"self":[{"href":"https:\/\/insuquim.cl\/es\/wp-json\/wp\/v2\/product\/6834"}],"collection":[{"href":"https:\/\/insuquim.cl\/es\/wp-json\/wp\/v2\/product"}],"about":[{"href":"https:\/\/insuquim.cl\/es\/wp-json\/wp\/v2\/types\/product"}],"replies":[{"embeddable":true,"href":"https:\/\/insuquim.cl\/es\/wp-json\/wp\/v2\/comments?post=6834"}],"wp:featuredmedia":[{"embeddable":true,"href":"https:\/\/insuquim.cl\/es\/wp-json\/wp\/v2\/media\/6296"}],"wp:attachment":[{"href":"https:\/\/insuquim.cl\/es\/wp-json\/wp\/v2\/media?parent=6834"}],"wp:term":[{"taxonomy":"product_cat","embeddable":true,"href":"https:\/\/insuquim.cl\/es\/wp-json\/wp\/v2\/product_cat?post=6834"},{"taxonomy":"product_tag","embeddable":true,"href":"https:\/\/insuquim.cl\/es\/wp-json\/wp\/v2\/product_tag?post=6834"}],"curies":[{"name":"wp","href":"https:\/\/api.w.org\/{rel}","templated":true}]}}