{"id":6835,"date":"2023-10-01T21:04:57","date_gmt":"2023-10-01T21:04:57","guid":{"rendered":"https:\/\/insuquim.cl\/producto\/agua-desmineralizada\/"},"modified":"2023-10-01T21:04:57","modified_gmt":"2023-10-01T21:04:57","slug":"agua-desmineralizada","status":"publish","type":"product","link":"https:\/\/insuquim.cl\/es\/producto\/agua-desmineralizada","title":{"rendered":"AGUA DESMINERALIZADA"},"content":{"rendered":"<p>El agua desmineralizada, o desionizada, es aquella que presenta menos de un 10% de sales minerales, e incluso se puede obtener hasta un 99,8% de pureza. Esto significa que se obtiene agua ultra pura, en la que se eliminan los componentes como cloruro, carbonato, fluoruro, sodio, calcio, hierro, y cobre, que contaminan el l\u00edquido. Se obtiene mediante intercambio ionico, \u00f3smosis inversa o destilaci\u00f3n. Tiene una amplia utilidad en la industria alimenticia, farmaceutica, cosmetica, electronica y mineria.<\/p>","protected":false},"excerpt":{"rendered":"<p>El agua desmineralizada, o desionizada, es aquella que presenta menos de un 10% de sales minerales, e incluso se puede obtener hasta un 99,8% de pureza. Esto significa que se obtiene agua ultra pura, en la que se eliminan los componentes como cloruro, carbonato, fluoruro, sodio, calcio, hierro, y cobre, que contaminan el l\u00edquido. Se obtiene mediante intercambio ionico, \u00f3smosis inversa o destilaci\u00f3n. Tiene una amplia utilidad en la industria alimenticia, farmaceutica, cosmetica, electronica y mineria.<\/p>","protected":false},"featured_media":6297,"comment_status":"open","ping_status":"closed","template":"","meta":{"_joinchat":[]},"product_cat":[256],"product_tag":[248],"_links":{"self":[{"href":"https:\/\/insuquim.cl\/es\/wp-json\/wp\/v2\/product\/6835"}],"collection":[{"href":"https:\/\/insuquim.cl\/es\/wp-json\/wp\/v2\/product"}],"about":[{"href":"https:\/\/insuquim.cl\/es\/wp-json\/wp\/v2\/types\/product"}],"replies":[{"embeddable":true,"href":"https:\/\/insuquim.cl\/es\/wp-json\/wp\/v2\/comments?post=6835"}],"wp:featuredmedia":[{"embeddable":true,"href":"https:\/\/insuquim.cl\/es\/wp-json\/wp\/v2\/media\/6297"}],"wp:attachment":[{"href":"https:\/\/insuquim.cl\/es\/wp-json\/wp\/v2\/media?parent=6835"}],"wp:term":[{"taxonomy":"product_cat","embeddable":true,"href":"https:\/\/insuquim.cl\/es\/wp-json\/wp\/v2\/product_cat?post=6835"},{"taxonomy":"product_tag","embeddable":true,"href":"https:\/\/insuquim.cl\/es\/wp-json\/wp\/v2\/product_tag?post=6835"}],"curies":[{"name":"wp","href":"https:\/\/api.w.org\/{rel}","templated":true}]}}