{"id":6840,"date":"2023-10-01T21:04:57","date_gmt":"2023-10-01T21:04:57","guid":{"rendered":"https:\/\/insuquim.cl\/producto\/alcohol-cetilico\/"},"modified":"2023-10-01T21:04:57","modified_gmt":"2023-10-01T21:04:57","slug":"alcohol-cetilico","status":"publish","type":"product","link":"https:\/\/insuquim.cl\/es\/producto\/alcohol-cetilico","title":{"rendered":"ALCOHOL CETILICO"},"content":{"rendered":"<p>A temperatura ambiente este alcohol toma la forma de cera blanca o en copos. Alcohol Cetilico, se produce por hidrogenaci\u00f3n de aceites vegetales como el aceite de palma y de aceite de coco. El nombre Cet\u00edlico se deriva del aceite de ballena (en lat\u00edn, Cetes) de la que fue aislado por primera vez. Se presenta en forma de escamas o part\u00edculas blancas, con un olor d\u00e9bil, es insoluble en agua y parcialmente soluble en etanol y \u00e9ter. Act\u00faa como espesante y emulsionante, evitando la separaci\u00f3n de los componentes del producto. Se utiliza en la industria cosm\u00e9tica como un opacificante en champ\u00fa s, o como un emoliente, emulsionante o agente espesante en la fabricaci\u00f3n de cremas para la piel y lociones\u200b Tambi\u00e9n se emplea como un lubricante para tornillos y tuercas.<\/p>","protected":false},"excerpt":{"rendered":"<p>A temperatura ambiente este alcohol toma la forma de cera blanca o en copos. Alcohol Cetilico, se produce por hidrogenaci\u00f3n de aceites vegetales como el aceite de palma y de aceite de coco. El nombre Cet\u00edlico se deriva del aceite de ballena (en lat\u00edn, Cetes) de la que fue aislado por primera vez. Se presenta en forma de escamas o part\u00edculas blancas, con un olor d\u00e9bil, es insoluble en agua y parcialmente soluble en etanol y \u00e9ter. Act\u00faa como espesante y emulsionante, evitando la separaci\u00f3n de los componentes del producto. Se utiliza en la industria cosm\u00e9tica como un opacificante en champ\u00fa s, o como un emoliente, emulsionante o agente espesante en la fabricaci\u00f3n de cremas para la piel y lociones\u200b Tambi\u00e9n se emplea como un lubricante para tornillos y tuercas.<\/p>","protected":false},"featured_media":6302,"comment_status":"open","ping_status":"closed","template":"","meta":{"_joinchat":[]},"product_cat":[257],"product_tag":[254],"_links":{"self":[{"href":"https:\/\/insuquim.cl\/es\/wp-json\/wp\/v2\/product\/6840"}],"collection":[{"href":"https:\/\/insuquim.cl\/es\/wp-json\/wp\/v2\/product"}],"about":[{"href":"https:\/\/insuquim.cl\/es\/wp-json\/wp\/v2\/types\/product"}],"replies":[{"embeddable":true,"href":"https:\/\/insuquim.cl\/es\/wp-json\/wp\/v2\/comments?post=6840"}],"wp:featuredmedia":[{"embeddable":true,"href":"https:\/\/insuquim.cl\/es\/wp-json\/wp\/v2\/media\/6302"}],"wp:attachment":[{"href":"https:\/\/insuquim.cl\/es\/wp-json\/wp\/v2\/media?parent=6840"}],"wp:term":[{"taxonomy":"product_cat","embeddable":true,"href":"https:\/\/insuquim.cl\/es\/wp-json\/wp\/v2\/product_cat?post=6840"},{"taxonomy":"product_tag","embeddable":true,"href":"https:\/\/insuquim.cl\/es\/wp-json\/wp\/v2\/product_tag?post=6840"}],"curies":[{"name":"wp","href":"https:\/\/api.w.org\/{rel}","templated":true}]}}