{"id":6843,"date":"2023-10-01T21:04:58","date_gmt":"2023-10-01T21:04:58","guid":{"rendered":"https:\/\/insuquim.cl\/producto\/alcohol-isopropilico-isopropanol-ipa\/"},"modified":"2023-11-20T20:52:12","modified_gmt":"2023-11-20T20:52:12","slug":"alcohol-isopropilico-isopropanol-ipa","status":"publish","type":"product","link":"https:\/\/insuquim.cl\/es\/producto\/alcohol-isopropilico-isopropanol-ipa","title":{"rendered":"ALCOHOL ISOPROPILICO (ISOPROPANOL) IPA"},"content":{"rendered":"<p>Tambi\u00e9n llamado isopropanol, es un l\u00edquido transparente que se utiliza como disolvente de limpieza, agente intermedio en procesos industriales, usos sanitarios y como aditivo de combustibles. Se utiliza en la industria de la automoci\u00f3n como aditivo de combusti\u00f3n o en la limpieza de determinadas piezas como los discos de freno. El isopropanol es anticongelante, es decir, para evitar o reducir la solidificaci\u00f3n de determinados l\u00edquidos a causa del fr\u00edo. Se utiliza como disolvente en la fabricaci\u00f3n de f\u00e1rmacos, pl\u00e1sticos, lacas, barnices, plastificantes, perfumes, cosm\u00e9ticos, aceleradores del caucho, etc.<\/p>","protected":false},"excerpt":{"rendered":"<p>Tambi\u00e9n llamado isopropanol, es un l\u00edquido transparente que se utiliza como disolvente de limpieza, agente intermedio en procesos industriales, usos sanitarios y como aditivo de combustibles. Se utiliza en la industria de la automoci\u00f3n como aditivo de combusti\u00f3n o en la limpieza de determinadas piezas como los discos de freno. El isopropanol es anticongelante, es decir, para evitar o reducir la solidificaci\u00f3n de determinados l\u00edquidos a causa del fr\u00edo. Se utiliza como disolvente en la fabricaci\u00f3n de f\u00e1rmacos, pl\u00e1sticos, lacas, barnices, plastificantes, perfumes, cosm\u00e9ticos, aceleradores del caucho, etc.<\/p>","protected":false},"featured_media":6307,"comment_status":"open","ping_status":"closed","template":"","meta":{"_joinchat":[]},"product_cat":[369],"product_tag":[249],"_links":{"self":[{"href":"https:\/\/insuquim.cl\/es\/wp-json\/wp\/v2\/product\/6843"}],"collection":[{"href":"https:\/\/insuquim.cl\/es\/wp-json\/wp\/v2\/product"}],"about":[{"href":"https:\/\/insuquim.cl\/es\/wp-json\/wp\/v2\/types\/product"}],"replies":[{"embeddable":true,"href":"https:\/\/insuquim.cl\/es\/wp-json\/wp\/v2\/comments?post=6843"}],"wp:featuredmedia":[{"embeddable":true,"href":"https:\/\/insuquim.cl\/es\/wp-json\/wp\/v2\/media\/6307"}],"wp:attachment":[{"href":"https:\/\/insuquim.cl\/es\/wp-json\/wp\/v2\/media?parent=6843"}],"wp:term":[{"taxonomy":"product_cat","embeddable":true,"href":"https:\/\/insuquim.cl\/es\/wp-json\/wp\/v2\/product_cat?post=6843"},{"taxonomy":"product_tag","embeddable":true,"href":"https:\/\/insuquim.cl\/es\/wp-json\/wp\/v2\/product_tag?post=6843"}],"curies":[{"name":"wp","href":"https:\/\/api.w.org\/{rel}","templated":true}]}}