{"id":6852,"date":"2023-10-01T21:04:59","date_gmt":"2023-10-01T21:04:59","guid":{"rendered":"https:\/\/insuquim.cl\/producto\/azufre-ventilado\/"},"modified":"2023-10-01T21:04:59","modified_gmt":"2023-10-01T21:04:59","slug":"azufre-ventilado","status":"publish","type":"product","link":"https:\/\/insuquim.cl\/es\/producto\/azufre-ventilado","title":{"rendered":"AZUFRE VENTILADO"},"content":{"rendered":"<p>Producto inorg\u00e1nico formulado en base a azufre, polvo seco, ventilado para ser usado con fuelle e indicado para la prevenci\u00f3n de enfermedades causadas por hongos, especialmente o\u00eddio, en diferentes especies vegetales. Es un mineral utilizado en el mundo de la jardiner\u00eda, bien como fertilizante y abono o bien como acaricida, fungicida o repelente, siendo muy \u00fatil su aplicaci\u00f3n en cultivos que puedan verse afectados por enemigos de las plantas como hongos, o\u00eddios, \u00e1caros, pulgones o cochinillas.<\/p>","protected":false},"excerpt":{"rendered":"<p>Producto inorg\u00e1nico formulado en base a azufre, polvo seco, ventilado para ser usado con fuelle e indicado para la prevenci\u00f3n de enfermedades causadas por hongos, especialmente o\u00eddio, en diferentes especies vegetales. Es un mineral utilizado en el mundo de la jardiner\u00eda, bien como fertilizante y abono o bien como acaricida, fungicida o repelente, siendo muy \u00fatil su aplicaci\u00f3n en cultivos que puedan verse afectados por enemigos de las plantas como hongos, o\u00eddios, \u00e1caros, pulgones o cochinillas.<\/p>","protected":false},"featured_media":6315,"comment_status":"open","ping_status":"closed","template":"","meta":{"_joinchat":[]},"product_cat":[266],"product_tag":[247],"_links":{"self":[{"href":"https:\/\/insuquim.cl\/es\/wp-json\/wp\/v2\/product\/6852"}],"collection":[{"href":"https:\/\/insuquim.cl\/es\/wp-json\/wp\/v2\/product"}],"about":[{"href":"https:\/\/insuquim.cl\/es\/wp-json\/wp\/v2\/types\/product"}],"replies":[{"embeddable":true,"href":"https:\/\/insuquim.cl\/es\/wp-json\/wp\/v2\/comments?post=6852"}],"wp:featuredmedia":[{"embeddable":true,"href":"https:\/\/insuquim.cl\/es\/wp-json\/wp\/v2\/media\/6315"}],"wp:attachment":[{"href":"https:\/\/insuquim.cl\/es\/wp-json\/wp\/v2\/media?parent=6852"}],"wp:term":[{"taxonomy":"product_cat","embeddable":true,"href":"https:\/\/insuquim.cl\/es\/wp-json\/wp\/v2\/product_cat?post=6852"},{"taxonomy":"product_tag","embeddable":true,"href":"https:\/\/insuquim.cl\/es\/wp-json\/wp\/v2\/product_tag?post=6852"}],"curies":[{"name":"wp","href":"https:\/\/api.w.org\/{rel}","templated":true}]}}