{"id":6854,"date":"2023-10-01T21:04:59","date_gmt":"2023-10-01T21:04:59","guid":{"rendered":"https:\/\/insuquim.cl\/producto\/azul-de-metileno-liquido\/"},"modified":"2023-10-01T21:04:59","modified_gmt":"2023-10-01T21:04:59","slug":"azul-de-metileno-liquido","status":"publish","type":"product","link":"https:\/\/insuquim.cl\/es\/producto\/azul-de-metileno-liquido","title":{"rendered":"AZUL DE METILENO LIQUIDO"},"content":{"rendered":"<p>Tambi\u00e9n conocido como cloruro de metiltionina, es un colorante soluble en agua y alcohol muy utilizado en la industria para pigmentar algunas partes del cuerpo de una persona, antes o durante de una cirugia. Los m\u00e9dicos lo utilizan b\u00e1sicamente como antis\u00e9ptico y cauterizador interno. Se emplea como pintura en las tinciones para las observaciones realizadas a trav\u00e9s de un microscopio, y para pintar los resultados en los laboratorios, ya que cuenta con la capacidad de colorear la orina y las heces. Es usado como antis\u00e9ptico de uso t\u00f3pico.<\/p>","protected":false},"excerpt":{"rendered":"<p>Tambi\u00e9n conocido como cloruro de metiltionina, es un colorante soluble en agua y alcohol muy utilizado en la industria para pigmentar algunas partes del cuerpo de una persona, antes o durante de una cirugia. Los m\u00e9dicos lo utilizan b\u00e1sicamente como antis\u00e9ptico y cauterizador interno. Se emplea como pintura en las tinciones para las observaciones realizadas a trav\u00e9s de un microscopio, y para pintar los resultados en los laboratorios, ya que cuenta con la capacidad de colorear la orina y las heces. Es usado como antis\u00e9ptico de uso t\u00f3pico.<\/p>","protected":false},"featured_media":6316,"comment_status":"open","ping_status":"closed","template":"","meta":{"_joinchat":[]},"product_cat":[267],"product_tag":[248],"_links":{"self":[{"href":"https:\/\/insuquim.cl\/es\/wp-json\/wp\/v2\/product\/6854"}],"collection":[{"href":"https:\/\/insuquim.cl\/es\/wp-json\/wp\/v2\/product"}],"about":[{"href":"https:\/\/insuquim.cl\/es\/wp-json\/wp\/v2\/types\/product"}],"replies":[{"embeddable":true,"href":"https:\/\/insuquim.cl\/es\/wp-json\/wp\/v2\/comments?post=6854"}],"wp:featuredmedia":[{"embeddable":true,"href":"https:\/\/insuquim.cl\/es\/wp-json\/wp\/v2\/media\/6316"}],"wp:attachment":[{"href":"https:\/\/insuquim.cl\/es\/wp-json\/wp\/v2\/media?parent=6854"}],"wp:term":[{"taxonomy":"product_cat","embeddable":true,"href":"https:\/\/insuquim.cl\/es\/wp-json\/wp\/v2\/product_cat?post=6854"},{"taxonomy":"product_tag","embeddable":true,"href":"https:\/\/insuquim.cl\/es\/wp-json\/wp\/v2\/product_tag?post=6854"}],"curies":[{"name":"wp","href":"https:\/\/api.w.org\/{rel}","templated":true}]}}