{"id":6856,"date":"2023-10-01T21:05:00","date_gmt":"2023-10-01T21:05:00","guid":{"rendered":"https:\/\/insuquim.cl\/producto\/benzoato-de-sodio-fg\/"},"modified":"2023-10-01T21:05:00","modified_gmt":"2023-10-01T21:05:00","slug":"benzoato-de-sodio-fg","status":"publish","type":"product","link":"https:\/\/insuquim.cl\/es\/producto\/benzoato-de-sodio-fg","title":{"rendered":"BENZOATO DE SODIO FG"},"content":{"rendered":"<p>Es un conservante alimenticio soluble en agua y ligeramente soluble en alcohol. Es la sal del acido benzoico y en combinaci\u00f3n con el acido c\u00edtrico act\u00faa efectivamente matando a la mayor\u00eda de las levaduras, bacterias y hongos presente en los alimentos. El benzoato s\u00f3dico s\u00f3lo es efectivo en condiciones \u00e1cidas (pH 6) por ello su uso m\u00e1s frecuente es en conservas, vinagres, en bebidas carbonatadas, en mermeladas, en zumo de frutas c\u00edtricas y en salsas de comida china. Tambi\u00e9n se utiliza en pirotecnia como combustible en la mezcla del polvo que produce un silbido cuando es comprimida y encendida en un tubo<\/p>","protected":false},"excerpt":{"rendered":"<p>Es un conservante alimenticio soluble en agua y ligeramente soluble en alcohol. Es la sal del acido benzoico y en combinaci\u00f3n con el acido c\u00edtrico act\u00faa efectivamente matando a la mayor\u00eda de las levaduras, bacterias y hongos presente en los alimentos. El benzoato s\u00f3dico s\u00f3lo es efectivo en condiciones \u00e1cidas (pH 6) por ello su uso m\u00e1s frecuente es en conservas, vinagres, en bebidas carbonatadas, en mermeladas, en zumo de frutas c\u00edtricas y en salsas de comida china. Tambi\u00e9n se utiliza en pirotecnia como combustible en la mezcla del polvo que produce un silbido cuando es comprimida y encendida en un tubo<\/p>","protected":false},"featured_media":6319,"comment_status":"open","ping_status":"closed","template":"","meta":{"_joinchat":[]},"product_cat":[270],"product_tag":[269],"_links":{"self":[{"href":"https:\/\/insuquim.cl\/es\/wp-json\/wp\/v2\/product\/6856"}],"collection":[{"href":"https:\/\/insuquim.cl\/es\/wp-json\/wp\/v2\/product"}],"about":[{"href":"https:\/\/insuquim.cl\/es\/wp-json\/wp\/v2\/types\/product"}],"replies":[{"embeddable":true,"href":"https:\/\/insuquim.cl\/es\/wp-json\/wp\/v2\/comments?post=6856"}],"wp:featuredmedia":[{"embeddable":true,"href":"https:\/\/insuquim.cl\/es\/wp-json\/wp\/v2\/media\/6319"}],"wp:attachment":[{"href":"https:\/\/insuquim.cl\/es\/wp-json\/wp\/v2\/media?parent=6856"}],"wp:term":[{"taxonomy":"product_cat","embeddable":true,"href":"https:\/\/insuquim.cl\/es\/wp-json\/wp\/v2\/product_cat?post=6856"},{"taxonomy":"product_tag","embeddable":true,"href":"https:\/\/insuquim.cl\/es\/wp-json\/wp\/v2\/product_tag?post=6856"}],"curies":[{"name":"wp","href":"https:\/\/api.w.org\/{rel}","templated":true}]}}