{"id":6860,"date":"2023-10-01T21:05:00","date_gmt":"2023-10-01T21:05:00","guid":{"rendered":"https:\/\/insuquim.cl\/producto\/bicarbonato-de-sodio-fg\/"},"modified":"2023-10-01T21:05:00","modified_gmt":"2023-10-01T21:05:00","slug":"bicarbonato-de-sodio-fg","status":"publish","type":"product","link":"https:\/\/insuquim.cl\/es\/producto\/bicarbonato-de-sodio-fg","title":{"rendered":"BICARBONATO DE SODIO FG"},"content":{"rendered":"<p>Sustancia de car\u00e1cter alimenticio cuya principal funci\u00f3n es neutralizar \u00e1cidos. Sus principales usos son: anti\u00e1cido, tratamiento de picaduras de insectos y comez\u00f3n, alivia el cansancio de los pies, exfoliante facial, ba\u00f1o de inmersi\u00f3n, pasta de dientes natural y blanqueador, refrescante bucal, desodorante natural entre otros.<\/p>","protected":false},"excerpt":{"rendered":"<p>Sustancia de car\u00e1cter alimenticio cuya principal funci\u00f3n es neutralizar \u00e1cidos. Sus principales usos son: anti\u00e1cido, tratamiento de picaduras de insectos y comez\u00f3n, alivia el cansancio de los pies, exfoliante facial, ba\u00f1o de inmersi\u00f3n, pasta de dientes natural y blanqueador, refrescante bucal, desodorante natural entre otros.<\/p>","protected":false},"featured_media":6323,"comment_status":"open","ping_status":"closed","template":"","meta":{"_joinchat":[]},"product_cat":[272],"product_tag":[247],"_links":{"self":[{"href":"https:\/\/insuquim.cl\/es\/wp-json\/wp\/v2\/product\/6860"}],"collection":[{"href":"https:\/\/insuquim.cl\/es\/wp-json\/wp\/v2\/product"}],"about":[{"href":"https:\/\/insuquim.cl\/es\/wp-json\/wp\/v2\/types\/product"}],"replies":[{"embeddable":true,"href":"https:\/\/insuquim.cl\/es\/wp-json\/wp\/v2\/comments?post=6860"}],"wp:featuredmedia":[{"embeddable":true,"href":"https:\/\/insuquim.cl\/es\/wp-json\/wp\/v2\/media\/6323"}],"wp:attachment":[{"href":"https:\/\/insuquim.cl\/es\/wp-json\/wp\/v2\/media?parent=6860"}],"wp:term":[{"taxonomy":"product_cat","embeddable":true,"href":"https:\/\/insuquim.cl\/es\/wp-json\/wp\/v2\/product_cat?post=6860"},{"taxonomy":"product_tag","embeddable":true,"href":"https:\/\/insuquim.cl\/es\/wp-json\/wp\/v2\/product_tag?post=6860"}],"curies":[{"name":"wp","href":"https:\/\/api.w.org\/{rel}","templated":true}]}}