{"id":6861,"date":"2023-10-01T21:05:03","date_gmt":"2023-10-01T21:05:03","guid":{"rendered":"https:\/\/insuquim.cl\/producto\/bicromato-de-sodio\/"},"modified":"2023-10-01T21:05:03","modified_gmt":"2023-10-01T21:05:03","slug":"bicromato-de-sodio","status":"publish","type":"product","link":"https:\/\/insuquim.cl\/es\/producto\/bicromato-de-sodio","title":{"rendered":"BICROMATO DE SODIO"},"content":{"rendered":"<p>El dicromato de sodio es un compuesto qu\u00edmico de f\u00f3rmula Na\u2082Cr\u2082O\u2087. Por lo general, sin embargo, la sal se presenta en forma de dihidrato Na\u2082Cr\u2082O\u2087 \u00b7 2 H\u2082O. Pr\u00e1cticamente todo el mineral de cromo se procesa a trav\u00e9s de la conversi\u00f3n a dicromato de sodio. Se trata de una sustancia de color intenso anaranjado. Es un oxidante fuerte. En contacto con sustancias org\u00e1nicas puede provocar incendios.  es un aditivo para la supresi\u00f3n y prevenci\u00f3n de par\u00e1sitos y tambi\u00e9n de la oxidaci\u00f3n. En el tamponamiento del pH y la protecci\u00f3n contra la corrosi\u00f3n cat\u00f3dica, en la fabricaci\u00f3n electrol\u00edtica de clorato s\u00f3dico con o sin posterior producci\u00f3n de di\u00f3xido de cloro o clorito s\u00f3dico.<\/p>","protected":false},"excerpt":{"rendered":"<p>El dicromato de sodio es un compuesto qu\u00edmico de f\u00f3rmula Na\u2082Cr\u2082O\u2087. Por lo general, sin embargo, la sal se presenta en forma de dihidrato Na\u2082Cr\u2082O\u2087 \u00b7 2 H\u2082O. Pr\u00e1cticamente todo el mineral de cromo se procesa a trav\u00e9s de la conversi\u00f3n a dicromato de sodio. Se trata de una sustancia de color intenso anaranjado. Es un oxidante fuerte. En contacto con sustancias org\u00e1nicas puede provocar incendios.  es un aditivo para la supresi\u00f3n y prevenci\u00f3n de par\u00e1sitos y tambi\u00e9n de la oxidaci\u00f3n. En el tamponamiento del pH y la protecci\u00f3n contra la corrosi\u00f3n cat\u00f3dica, en la fabricaci\u00f3n electrol\u00edtica de clorato s\u00f3dico con o sin posterior producci\u00f3n de di\u00f3xido de cloro o clorito s\u00f3dico.<\/p>","protected":false},"featured_media":6324,"comment_status":"open","ping_status":"closed","template":"","meta":{"_joinchat":[]},"product_cat":[272],"product_tag":[248],"_links":{"self":[{"href":"https:\/\/insuquim.cl\/es\/wp-json\/wp\/v2\/product\/6861"}],"collection":[{"href":"https:\/\/insuquim.cl\/es\/wp-json\/wp\/v2\/product"}],"about":[{"href":"https:\/\/insuquim.cl\/es\/wp-json\/wp\/v2\/types\/product"}],"replies":[{"embeddable":true,"href":"https:\/\/insuquim.cl\/es\/wp-json\/wp\/v2\/comments?post=6861"}],"wp:featuredmedia":[{"embeddable":true,"href":"https:\/\/insuquim.cl\/es\/wp-json\/wp\/v2\/media\/6324"}],"wp:attachment":[{"href":"https:\/\/insuquim.cl\/es\/wp-json\/wp\/v2\/media?parent=6861"}],"wp:term":[{"taxonomy":"product_cat","embeddable":true,"href":"https:\/\/insuquim.cl\/es\/wp-json\/wp\/v2\/product_cat?post=6861"},{"taxonomy":"product_tag","embeddable":true,"href":"https:\/\/insuquim.cl\/es\/wp-json\/wp\/v2\/product_tag?post=6861"}],"curies":[{"name":"wp","href":"https:\/\/api.w.org\/{rel}","templated":true}]}}