{"id":6862,"date":"2023-10-01T21:05:05","date_gmt":"2023-10-01T21:05:05","guid":{"rendered":"https:\/\/insuquim.cl\/producto\/bisulfato-de-sodio\/"},"modified":"2023-10-01T21:05:05","modified_gmt":"2023-10-01T21:05:05","slug":"bisulfato-de-sodio","status":"publish","type":"product","link":"https:\/\/insuquim.cl\/es\/producto\/bisulfato-de-sodio","title":{"rendered":"BISULFATO DE SODIO"},"content":{"rendered":"<p>El bisulfato de sodio es una sal de sodio del ani\u00f3n bisulfato, con f\u00f3rmula NaHSO4. Es un producto seco y granular y su forma anhidra es higrosc\u00f3pica. Las disoluciones de bisulfato de sodio son \u00e1cidas, teniendo un pH cercano a 1. El uso primario del bisulfato de sodio es la acidificaci\u00f3n de disoluciones. Para aplicaciones t\u00e9cnicas, se utiliza para refinar metales, como producto de limpieza,\u200b y para reducir el pH del agua (aumentando la efectividad del cloro en piscinas y ba\u00f1eras). En la agricultura este producto es ingrediente activo para formulaciones de esti\u00e9rcol de aves de corral que se usan para reducir la concentraci\u00f3n de bacterias como la salmonela.<\/p>","protected":false},"excerpt":{"rendered":"<p>El bisulfato de sodio es una sal de sodio del ani\u00f3n bisulfato, con f\u00f3rmula NaHSO4. Es un producto seco y granular y su forma anhidra es higrosc\u00f3pica. Las disoluciones de bisulfato de sodio son \u00e1cidas, teniendo un pH cercano a 1. El uso primario del bisulfato de sodio es la acidificaci\u00f3n de disoluciones. Para aplicaciones t\u00e9cnicas, se utiliza para refinar metales, como producto de limpieza,\u200b y para reducir el pH del agua (aumentando la efectividad del cloro en piscinas y ba\u00f1eras). En la agricultura este producto es ingrediente activo para formulaciones de esti\u00e9rcol de aves de corral que se usan para reducir la concentraci\u00f3n de bacterias como la salmonela.<\/p>","protected":false},"featured_media":6325,"comment_status":"open","ping_status":"closed","template":"","meta":{"_joinchat":[]},"product_cat":[273],"product_tag":[248],"_links":{"self":[{"href":"https:\/\/insuquim.cl\/es\/wp-json\/wp\/v2\/product\/6862"}],"collection":[{"href":"https:\/\/insuquim.cl\/es\/wp-json\/wp\/v2\/product"}],"about":[{"href":"https:\/\/insuquim.cl\/es\/wp-json\/wp\/v2\/types\/product"}],"replies":[{"embeddable":true,"href":"https:\/\/insuquim.cl\/es\/wp-json\/wp\/v2\/comments?post=6862"}],"wp:featuredmedia":[{"embeddable":true,"href":"https:\/\/insuquim.cl\/es\/wp-json\/wp\/v2\/media\/6325"}],"wp:attachment":[{"href":"https:\/\/insuquim.cl\/es\/wp-json\/wp\/v2\/media?parent=6862"}],"wp:term":[{"taxonomy":"product_cat","embeddable":true,"href":"https:\/\/insuquim.cl\/es\/wp-json\/wp\/v2\/product_cat?post=6862"},{"taxonomy":"product_tag","embeddable":true,"href":"https:\/\/insuquim.cl\/es\/wp-json\/wp\/v2\/product_tag?post=6862"}],"curies":[{"name":"wp","href":"https:\/\/api.w.org\/{rel}","templated":true}]}}