{"id":6865,"date":"2023-10-01T21:05:06","date_gmt":"2023-10-01T21:05:06","guid":{"rendered":"https:\/\/insuquim.cl\/producto\/butilglicol\/"},"modified":"2023-10-01T21:05:06","modified_gmt":"2023-10-01T21:05:06","slug":"butilglicol","status":"publish","type":"product","link":"https:\/\/insuquim.cl\/es\/producto\/butilglicol","title":{"rendered":"BUTILGLICOL"},"content":{"rendered":"<p>Es un l\u00edquido incoloro, que tiene un olor dulce a \u00e9ter, ya que deriva de la familia de los \u00e9teres de glicol, y es un \u00e9ter but\u00edlico de etilenglicol. Es un producto qu\u00edmicamente estable bajo condiciones normales que reacciona con oxidantes fuertes originando peligro de incendio y explosi\u00f3n. Es soluble en agua a diferentes concentraciones, as\u00ed como en algunos solventes org\u00e1nicos y aceite mineral. Sirve como solvente en el tratamiento de superficies, como desengrasante de metales. Se utiliza como disolvente para resinas de nitrocelulosa, lacas atomizables y de secado r\u00e1pido. Solvente activo para la gran mayor\u00eda de resinas sint\u00e9ticas tales como acr\u00edlica, celul\u00f3sica, epoxi, poli\u00e9ster, de poliuretano, fen\u00f3lica, vin\u00edlica y sistemas h\u00edbridos. Muy usado en formulaciones de pinturas o barnices tanto para el curado en altas temperaturas como a temperatura ambiente. Presenta buenas propiedades coalescentes para l\u00e1tex y formulaciones de pinturas acr\u00edlicas y vin\u00edlicas. Es un desengrasante de metales y co-solvente en preparaciones para pesticidas y ceras.<\/p>","protected":false},"excerpt":{"rendered":"<p>Es un l\u00edquido incoloro, que tiene un olor dulce a \u00e9ter, ya que deriva de la familia de los \u00e9teres de glicol, y es un \u00e9ter but\u00edlico de etilenglicol. Es un producto qu\u00edmicamente estable bajo condiciones normales que reacciona con oxidantes fuertes originando peligro de incendio y explosi\u00f3n. Es soluble en agua a diferentes concentraciones, as\u00ed como en algunos solventes org\u00e1nicos y aceite mineral. Sirve como solvente en el tratamiento de superficies, como desengrasante de metales. Se utiliza como disolvente para resinas de nitrocelulosa, lacas atomizables y de secado r\u00e1pido. Solvente activo para la gran mayor\u00eda de resinas sint\u00e9ticas tales como acr\u00edlica, celul\u00f3sica, epoxi, poli\u00e9ster, de poliuretano, fen\u00f3lica, vin\u00edlica y sistemas h\u00edbridos. Muy usado en formulaciones de pinturas o barnices tanto para el curado en altas temperaturas como a temperatura ambiente. Presenta buenas propiedades coalescentes para l\u00e1tex y formulaciones de pinturas acr\u00edlicas y vin\u00edlicas. Es un desengrasante de metales y co-solvente en preparaciones para pesticidas y ceras.<\/p>","protected":false},"featured_media":6330,"comment_status":"open","ping_status":"closed","template":"","meta":{"_joinchat":[]},"product_cat":[276],"product_tag":[249],"_links":{"self":[{"href":"https:\/\/insuquim.cl\/es\/wp-json\/wp\/v2\/product\/6865"}],"collection":[{"href":"https:\/\/insuquim.cl\/es\/wp-json\/wp\/v2\/product"}],"about":[{"href":"https:\/\/insuquim.cl\/es\/wp-json\/wp\/v2\/types\/product"}],"replies":[{"embeddable":true,"href":"https:\/\/insuquim.cl\/es\/wp-json\/wp\/v2\/comments?post=6865"}],"wp:featuredmedia":[{"embeddable":true,"href":"https:\/\/insuquim.cl\/es\/wp-json\/wp\/v2\/media\/6330"}],"wp:attachment":[{"href":"https:\/\/insuquim.cl\/es\/wp-json\/wp\/v2\/media?parent=6865"}],"wp:term":[{"taxonomy":"product_cat","embeddable":true,"href":"https:\/\/insuquim.cl\/es\/wp-json\/wp\/v2\/product_cat?post=6865"},{"taxonomy":"product_tag","embeddable":true,"href":"https:\/\/insuquim.cl\/es\/wp-json\/wp\/v2\/product_tag?post=6865"}],"curies":[{"name":"wp","href":"https:\/\/api.w.org\/{rel}","templated":true}]}}