{"id":6866,"date":"2023-10-01T21:05:07","date_gmt":"2023-10-01T21:05:07","guid":{"rendered":"https:\/\/insuquim.cl\/producto\/butilhidroxitolueno-bht\/"},"modified":"2023-10-01T21:05:07","modified_gmt":"2023-10-01T21:05:07","slug":"butilhidroxitolueno-bht","status":"publish","type":"product","link":"https:\/\/insuquim.cl\/es\/producto\/butilhidroxitolueno-bht","title":{"rendered":"BUTILHIDROXITOLUENO (BHT)"},"content":{"rendered":"<p>Es un compuesto org\u00e1nico lipof\u00edlico, qu\u00edmicamente un derivado del fenol \u00fatil por sus propiedades antioxidantes. El BHT se usa ampliamente para prevenir la oxidaci\u00f3n mediada por radicales libres en fluidos y otros materiales, lo que ha llevado a su uso en peque\u00f1as cantidades como aditivo alimentario. Es un antioxidante sint\u00e9tico utilizado como aditivo alimentario, insoluble en agua y soluble en aceite. Se utiliza para proteger las grasas utilizadas en reposter\u00eda, cereales, sopas deshidratadas, entre otras aplicaciones. El BHT se utiliza principalmente como un aditivo alimentario antioxidante, esto lo hace \u00fatil como ingrediente conservante en alimentos. Con este uso, el BHT mantiene la frescura o evita el deterioro; se puede usar para disminuir la velocidad a la que cambia la textura, el color o el sabor de los alimentos.<\/p>","protected":false},"excerpt":{"rendered":"<p>Es un compuesto org\u00e1nico lipof\u00edlico, qu\u00edmicamente un derivado del fenol \u00fatil por sus propiedades antioxidantes. El BHT se usa ampliamente para prevenir la oxidaci\u00f3n mediada por radicales libres en fluidos y otros materiales, lo que ha llevado a su uso en peque\u00f1as cantidades como aditivo alimentario. Es un antioxidante sint\u00e9tico utilizado como aditivo alimentario, insoluble en agua y soluble en aceite. Se utiliza para proteger las grasas utilizadas en reposter\u00eda, cereales, sopas deshidratadas, entre otras aplicaciones. El BHT se utiliza principalmente como un aditivo alimentario antioxidante, esto lo hace \u00fatil como ingrediente conservante en alimentos. Con este uso, el BHT mantiene la frescura o evita el deterioro; se puede usar para disminuir la velocidad a la que cambia la textura, el color o el sabor de los alimentos.<\/p>","protected":false},"featured_media":6331,"comment_status":"open","ping_status":"closed","template":"","meta":{"_joinchat":[]},"product_cat":[276],"product_tag":[249],"_links":{"self":[{"href":"https:\/\/insuquim.cl\/es\/wp-json\/wp\/v2\/product\/6866"}],"collection":[{"href":"https:\/\/insuquim.cl\/es\/wp-json\/wp\/v2\/product"}],"about":[{"href":"https:\/\/insuquim.cl\/es\/wp-json\/wp\/v2\/types\/product"}],"replies":[{"embeddable":true,"href":"https:\/\/insuquim.cl\/es\/wp-json\/wp\/v2\/comments?post=6866"}],"wp:featuredmedia":[{"embeddable":true,"href":"https:\/\/insuquim.cl\/es\/wp-json\/wp\/v2\/media\/6331"}],"wp:attachment":[{"href":"https:\/\/insuquim.cl\/es\/wp-json\/wp\/v2\/media?parent=6866"}],"wp:term":[{"taxonomy":"product_cat","embeddable":true,"href":"https:\/\/insuquim.cl\/es\/wp-json\/wp\/v2\/product_cat?post=6866"},{"taxonomy":"product_tag","embeddable":true,"href":"https:\/\/insuquim.cl\/es\/wp-json\/wp\/v2\/product_tag?post=6866"}],"curies":[{"name":"wp","href":"https:\/\/api.w.org\/{rel}","templated":true}]}}