{"id":6867,"date":"2023-10-01T21:05:07","date_gmt":"2023-10-01T21:05:07","guid":{"rendered":"https:\/\/insuquim.cl\/producto\/carbon-activado-polvo\/"},"modified":"2023-10-01T21:05:07","modified_gmt":"2023-10-01T21:05:07","slug":"carbon-activado-polvo","status":"publish","type":"product","link":"https:\/\/insuquim.cl\/es\/producto\/carbon-activado-polvo","title":{"rendered":"CARBON ACTIVADO POLVO"},"content":{"rendered":"<p>El carb\u00f3n activado o carb\u00f3n activo es un elemento poroso que atrapa compuestos, en primer lugar, org\u00e1nicos, presentes en un gas o en un l\u00edquido. Lo hace con tal efectividad, que es el purificante m\u00e1s utilizado por el ser humano. Por otro lado, los compuestos org\u00e1nicos se derivan del metabolismo de los seres vivos, y su estructura b\u00e1sica consiste en cadenas de \u00e1tomos de carbono e hidr\u00f3geno. Entre ellos se encuentran todos los derivados del mundo vegetal y animal, incluyendo el petr\u00f3leo y los compuestos que se obtienen de \u00e9l. El carb\u00f3n activado es un medio de adsorci\u00f3n, su funci\u00f3n es adsorber mol\u00e9culas org\u00e1nicas en sus micro poros. Se activa mediante procesos t\u00e9rmicos o qu\u00edmicos para ampliar su capacidad de adsorci\u00f3n (para lograr que se formen los poros). En la industria es ampliamente utilizado en la Potabilizaci\u00f3n de agua ya que retiene plaguicidas, grasas, aceites, detergentes, subproductos de la desinfecci\u00f3n, toxinas, compuestos que producen color, compuestos originados por la descomposici\u00f3n de algas y vegetales o por el metabolismo de animales. Tambien  es usado en la Deodorizaci\u00f3n y purificaci\u00f3n de aire por ejemplo: en respiradores de cartucho, sistemas de recirculaci\u00f3n de aire en espacios p\u00fablicos, venteos de drenajes y plantas de tratamiento de agua, casetas de aplicaci\u00f3n de pinturas, espacios que almacenan o aplican solventes org\u00e1nicos.<\/p>","protected":false},"excerpt":{"rendered":"<p>El carb\u00f3n activado o carb\u00f3n activo es un elemento poroso que atrapa compuestos, en primer lugar, org\u00e1nicos, presentes en un gas o en un l\u00edquido. Lo hace con tal efectividad, que es el purificante m\u00e1s utilizado por el ser humano. Por otro lado, los compuestos org\u00e1nicos se derivan del metabolismo de los seres vivos, y su estructura b\u00e1sica consiste en cadenas de \u00e1tomos de carbono e hidr\u00f3geno. Entre ellos se encuentran todos los derivados del mundo vegetal y animal, incluyendo el petr\u00f3leo y los compuestos que se obtienen de \u00e9l. El carb\u00f3n activado es un medio de adsorci\u00f3n, su funci\u00f3n es adsorber mol\u00e9culas org\u00e1nicas en sus micro poros. Se activa mediante procesos t\u00e9rmicos o qu\u00edmicos para ampliar su capacidad de adsorci\u00f3n (para lograr que se formen los poros). En la industria es ampliamente utilizado en la Potabilizaci\u00f3n de agua ya que retiene plaguicidas, grasas, aceites, detergentes, subproductos de la desinfecci\u00f3n, toxinas, compuestos que producen color, compuestos originados por la descomposici\u00f3n de algas y vegetales o por el metabolismo de animales. Tambien  es usado en la Deodorizaci\u00f3n y purificaci\u00f3n de aire por ejemplo: en respiradores de cartucho, sistemas de recirculaci\u00f3n de aire en espacios p\u00fablicos, venteos de drenajes y plantas de tratamiento de agua, casetas de aplicaci\u00f3n de pinturas, espacios que almacenan o aplican solventes org\u00e1nicos.<\/p>","protected":false},"featured_media":6332,"comment_status":"open","ping_status":"closed","template":"","meta":{"_joinchat":[]},"product_cat":[278],"product_tag":[277],"_links":{"self":[{"href":"https:\/\/insuquim.cl\/es\/wp-json\/wp\/v2\/product\/6867"}],"collection":[{"href":"https:\/\/insuquim.cl\/es\/wp-json\/wp\/v2\/product"}],"about":[{"href":"https:\/\/insuquim.cl\/es\/wp-json\/wp\/v2\/types\/product"}],"replies":[{"embeddable":true,"href":"https:\/\/insuquim.cl\/es\/wp-json\/wp\/v2\/comments?post=6867"}],"wp:featuredmedia":[{"embeddable":true,"href":"https:\/\/insuquim.cl\/es\/wp-json\/wp\/v2\/media\/6332"}],"wp:attachment":[{"href":"https:\/\/insuquim.cl\/es\/wp-json\/wp\/v2\/media?parent=6867"}],"wp:term":[{"taxonomy":"product_cat","embeddable":true,"href":"https:\/\/insuquim.cl\/es\/wp-json\/wp\/v2\/product_cat?post=6867"},{"taxonomy":"product_tag","embeddable":true,"href":"https:\/\/insuquim.cl\/es\/wp-json\/wp\/v2\/product_tag?post=6867"}],"curies":[{"name":"wp","href":"https:\/\/api.w.org\/{rel}","templated":true}]}}