{"id":6868,"date":"2023-10-01T21:05:07","date_gmt":"2023-10-01T21:05:07","guid":{"rendered":"https:\/\/insuquim.cl\/producto\/carbonato-de-calcio-fg\/"},"modified":"2023-10-01T21:05:07","modified_gmt":"2023-10-01T21:05:07","slug":"carbonato-de-calcio-fg","status":"publish","type":"product","link":"https:\/\/insuquim.cl\/es\/producto\/carbonato-de-calcio-fg","title":{"rendered":"CARBONATO DE CALCIO FG"},"content":{"rendered":"<p>El carbonato de calcio es un compuesto inorg\u00e1nico, es un mineral de color blanco o transparente en forma de cristales que tiene una amplia gama de aplicaciones dom\u00e9sticas e industriales. Esta materia prima natural tambi\u00e9n se conoce como calcita o sal c\u00e1lcica del \u00e1cido carb\u00f3nico. Es poco soluble en agua y reacciona facilmente con \u00e1cidos. Es utilizado en la industria vitivinicola; los en\u00f3logos y amantes del vino casero utilizan lo utilizan en situaciones cr\u00edticas cuando el mosto o el producto final son demasiado \u00e1cidos e imbebibles. Una vez que agrega un poco de carbonato de calcio, el vino recupera su sabor caracter\u00edstico natural. En la industria alimentaria, el carbonato de calcio se conoce como aditivo E170 ya que se utiliza en reposter\u00eda, chicles, algunos productos de panader\u00eda, patatas fritas y galletas.<\/p>","protected":false},"excerpt":{"rendered":"<p>El carbonato de calcio es un compuesto inorg\u00e1nico, es un mineral de color blanco o transparente en forma de cristales que tiene una amplia gama de aplicaciones dom\u00e9sticas e industriales. Esta materia prima natural tambi\u00e9n se conoce como calcita o sal c\u00e1lcica del \u00e1cido carb\u00f3nico. Es poco soluble en agua y reacciona facilmente con \u00e1cidos. Es utilizado en la industria vitivinicola; los en\u00f3logos y amantes del vino casero utilizan lo utilizan en situaciones cr\u00edticas cuando el mosto o el producto final son demasiado \u00e1cidos e imbebibles. Una vez que agrega un poco de carbonato de calcio, el vino recupera su sabor caracter\u00edstico natural. En la industria alimentaria, el carbonato de calcio se conoce como aditivo E170 ya que se utiliza en reposter\u00eda, chicles, algunos productos de panader\u00eda, patatas fritas y galletas.<\/p>","protected":false},"featured_media":6333,"comment_status":"open","ping_status":"closed","template":"","meta":{"_joinchat":[]},"product_cat":[279],"product_tag":[244],"_links":{"self":[{"href":"https:\/\/insuquim.cl\/es\/wp-json\/wp\/v2\/product\/6868"}],"collection":[{"href":"https:\/\/insuquim.cl\/es\/wp-json\/wp\/v2\/product"}],"about":[{"href":"https:\/\/insuquim.cl\/es\/wp-json\/wp\/v2\/types\/product"}],"replies":[{"embeddable":true,"href":"https:\/\/insuquim.cl\/es\/wp-json\/wp\/v2\/comments?post=6868"}],"wp:featuredmedia":[{"embeddable":true,"href":"https:\/\/insuquim.cl\/es\/wp-json\/wp\/v2\/media\/6333"}],"wp:attachment":[{"href":"https:\/\/insuquim.cl\/es\/wp-json\/wp\/v2\/media?parent=6868"}],"wp:term":[{"taxonomy":"product_cat","embeddable":true,"href":"https:\/\/insuquim.cl\/es\/wp-json\/wp\/v2\/product_cat?post=6868"},{"taxonomy":"product_tag","embeddable":true,"href":"https:\/\/insuquim.cl\/es\/wp-json\/wp\/v2\/product_tag?post=6868"}],"curies":[{"name":"wp","href":"https:\/\/api.w.org\/{rel}","templated":true}]}}