{"id":6869,"date":"2023-10-01T21:05:07","date_gmt":"2023-10-01T21:05:07","guid":{"rendered":"https:\/\/insuquim.cl\/producto\/carbonato-de-potasio\/"},"modified":"2023-10-01T21:05:07","modified_gmt":"2023-10-01T21:05:07","slug":"carbonato-de-potasio","status":"publish","type":"product","link":"https:\/\/insuquim.cl\/es\/producto\/carbonato-de-potasio","title":{"rendered":"CARBONATO DE POTASIO"},"content":{"rendered":"<p>El carbonato de potasio es una sal blanca, higrosc\u00f3pica y soluble en agua que forma soluciones alcalinas fuertes o lo que es lo mismo, es una sal b\u00e1sica. Se suele formar como producto de la reacci\u00f3n qu\u00edmica entre el hidr\u00f3xido de potasio o potasa c\u00e1ustica KOH y el di\u00f3xido de carbono CO\u2082. Es un polvo blanco utilizado para hacer jab\u00f3n, vidrio y otros productos. Debido a su caracter altamente basico si entra en contacto con los tejidos de la piel puede causar lesiones graves, como quemaduras o \u00falceras. El carbonato de potasio se utiliza en la industria del chocolate, en la producci\u00f3n de frutos secos, en el vidrio cristal, en detergentes, en la industria fotogr\u00e1fica y de tintes y como agente descongelante no corrosivo. El producto en polvo se utiliza en la industria farmac\u00e9utica.<\/p>","protected":false},"excerpt":{"rendered":"<p>El carbonato de potasio es una sal blanca, higrosc\u00f3pica y soluble en agua que forma soluciones alcalinas fuertes o lo que es lo mismo, es una sal b\u00e1sica. Se suele formar como producto de la reacci\u00f3n qu\u00edmica entre el hidr\u00f3xido de potasio o potasa c\u00e1ustica KOH y el di\u00f3xido de carbono CO\u2082. Es un polvo blanco utilizado para hacer jab\u00f3n, vidrio y otros productos. Debido a su caracter altamente basico si entra en contacto con los tejidos de la piel puede causar lesiones graves, como quemaduras o \u00falceras. El carbonato de potasio se utiliza en la industria del chocolate, en la producci\u00f3n de frutos secos, en el vidrio cristal, en detergentes, en la industria fotogr\u00e1fica y de tintes y como agente descongelante no corrosivo. El producto en polvo se utiliza en la industria farmac\u00e9utica.<\/p>","protected":false},"featured_media":6334,"comment_status":"open","ping_status":"closed","template":"","meta":{"_joinchat":[]},"product_cat":[279],"product_tag":[244],"_links":{"self":[{"href":"https:\/\/insuquim.cl\/es\/wp-json\/wp\/v2\/product\/6869"}],"collection":[{"href":"https:\/\/insuquim.cl\/es\/wp-json\/wp\/v2\/product"}],"about":[{"href":"https:\/\/insuquim.cl\/es\/wp-json\/wp\/v2\/types\/product"}],"replies":[{"embeddable":true,"href":"https:\/\/insuquim.cl\/es\/wp-json\/wp\/v2\/comments?post=6869"}],"wp:featuredmedia":[{"embeddable":true,"href":"https:\/\/insuquim.cl\/es\/wp-json\/wp\/v2\/media\/6334"}],"wp:attachment":[{"href":"https:\/\/insuquim.cl\/es\/wp-json\/wp\/v2\/media?parent=6869"}],"wp:term":[{"taxonomy":"product_cat","embeddable":true,"href":"https:\/\/insuquim.cl\/es\/wp-json\/wp\/v2\/product_cat?post=6869"},{"taxonomy":"product_tag","embeddable":true,"href":"https:\/\/insuquim.cl\/es\/wp-json\/wp\/v2\/product_tag?post=6869"}],"curies":[{"name":"wp","href":"https:\/\/api.w.org\/{rel}","templated":true}]}}