{"id":6871,"date":"2023-10-01T21:05:08","date_gmt":"2023-10-01T21:05:08","guid":{"rendered":"https:\/\/insuquim.cl\/producto\/carbonato-de-sodio-ceniza-de-soda-pesada\/"},"modified":"2023-10-01T21:05:08","modified_gmt":"2023-10-01T21:05:08","slug":"carbonato-de-sodio-ceniza-de-soda-pesada","status":"publish","type":"product","link":"https:\/\/insuquim.cl\/es\/producto\/carbonato-de-sodio-ceniza-de-soda-pesada","title":{"rendered":"CARBONATO DE SODIO-CENIZA DE SODA PESADA"},"content":{"rendered":"<p>Es un polvo blanco, granular, empleado principalmente para eliminar la dureza del agua que se utiliza para la mezcla y elevar el PH. Eliminar los iones de calcio extray\u00e9ndolos como carbonato de calcio insoluble. Su aplicaci\u00f3n principal es en la industria del vidrio. El 50% del consumo total es para la producci\u00f3n de vidrio plano, recipientes de vidrio, fibra de vidrio y vajillas.<\/p>","protected":false},"excerpt":{"rendered":"<p>Es un polvo blanco, granular, empleado principalmente para eliminar la dureza del agua que se utiliza para la mezcla y elevar el PH. Eliminar los iones de calcio extray\u00e9ndolos como carbonato de calcio insoluble. Su aplicaci\u00f3n principal es en la industria del vidrio. El 50% del consumo total es para la producci\u00f3n de vidrio plano, recipientes de vidrio, fibra de vidrio y vajillas.<\/p>","protected":false},"featured_media":6336,"comment_status":"open","ping_status":"closed","template":"","meta":{"_joinchat":[]},"product_cat":[279],"product_tag":[248],"_links":{"self":[{"href":"https:\/\/insuquim.cl\/es\/wp-json\/wp\/v2\/product\/6871"}],"collection":[{"href":"https:\/\/insuquim.cl\/es\/wp-json\/wp\/v2\/product"}],"about":[{"href":"https:\/\/insuquim.cl\/es\/wp-json\/wp\/v2\/types\/product"}],"replies":[{"embeddable":true,"href":"https:\/\/insuquim.cl\/es\/wp-json\/wp\/v2\/comments?post=6871"}],"wp:featuredmedia":[{"embeddable":true,"href":"https:\/\/insuquim.cl\/es\/wp-json\/wp\/v2\/media\/6336"}],"wp:attachment":[{"href":"https:\/\/insuquim.cl\/es\/wp-json\/wp\/v2\/media?parent=6871"}],"wp:term":[{"taxonomy":"product_cat","embeddable":true,"href":"https:\/\/insuquim.cl\/es\/wp-json\/wp\/v2\/product_cat?post=6871"},{"taxonomy":"product_tag","embeddable":true,"href":"https:\/\/insuquim.cl\/es\/wp-json\/wp\/v2\/product_tag?post=6871"}],"curies":[{"name":"wp","href":"https:\/\/api.w.org\/{rel}","templated":true}]}}