{"id":6874,"date":"2023-10-01T21:05:08","date_gmt":"2023-10-01T21:05:08","guid":{"rendered":"https:\/\/insuquim.cl\/producto\/carboximetil-cmc-tecnico\/"},"modified":"2023-10-01T21:05:08","modified_gmt":"2023-10-01T21:05:08","slug":"carboximetil-cmc-tecnico","status":"publish","type":"product","link":"https:\/\/insuquim.cl\/es\/producto\/carboximetil-cmc-tecnico","title":{"rendered":"CARBOXIMETIL (CMC) TECNICO"},"content":{"rendered":"<p>Carboximetil Celulosa (CMC) es un compuesto org\u00e1nico derivado de la Celulosa, compuesto por grupos carboximetil, a menudo se utiliza como sal: Carboximet\u00edl celulosa de sodio, a diferencia de otras mol\u00e9culas similares, es facilmente dispersable, utilizado como espesante y estabilizante, pero tambi\u00e9n como producto de relleno, viscosante de pinturas y emulsificante, elaboraci\u00f3n de adhesivos para papel, debido a que por sus caracter\u00edsticas no mancha el papel, no atrae insectos y no desprende olores. Dada su excelente solubilidad se utiliza en formulaciones de productos limpieza como viscosante, en reemplazo de los electrolitos tradicionales (Sal com\u00fan) adicionalmente CMC posee propiedades antirredepositantes en aplicaciones de lavado textil, lo que lo hace un reemplazo multifuncional en este tipo de productos, gracias a que tiene una excelente estabilidad en aguas duras. Producto biodegradable. Viscosidad (2% mPa.S) 70000-100000 <\/p>","protected":false},"excerpt":{"rendered":"<p>Carboximetil Celulosa (CMC) es un compuesto org\u00e1nico derivado de la Celulosa, compuesto por grupos carboximetil, a menudo se utiliza como sal: Carboximet\u00edl celulosa de sodio, a diferencia de otras mol\u00e9culas similares, es facilmente dispersable, utilizado como espesante y estabilizante, pero tambi\u00e9n como producto de relleno, viscosante de pinturas y emulsificante, elaboraci\u00f3n de adhesivos para papel, debido a que por sus caracter\u00edsticas no mancha el papel, no atrae insectos y no desprende olores. Dada su excelente solubilidad se utiliza en formulaciones de productos limpieza como viscosante, en reemplazo de los electrolitos tradicionales (Sal com\u00fan) adicionalmente CMC posee propiedades antirredepositantes en aplicaciones de lavado textil, lo que lo hace un reemplazo multifuncional en este tipo de productos, gracias a que tiene una excelente estabilidad en aguas duras. Producto biodegradable. Viscosidad (2% mPa.S) 70000-100000 <\/p>","protected":false},"featured_media":6338,"comment_status":"open","ping_status":"closed","template":"","meta":{"_joinchat":[]},"product_cat":[281],"product_tag":[254],"_links":{"self":[{"href":"https:\/\/insuquim.cl\/es\/wp-json\/wp\/v2\/product\/6874"}],"collection":[{"href":"https:\/\/insuquim.cl\/es\/wp-json\/wp\/v2\/product"}],"about":[{"href":"https:\/\/insuquim.cl\/es\/wp-json\/wp\/v2\/types\/product"}],"replies":[{"embeddable":true,"href":"https:\/\/insuquim.cl\/es\/wp-json\/wp\/v2\/comments?post=6874"}],"wp:featuredmedia":[{"embeddable":true,"href":"https:\/\/insuquim.cl\/es\/wp-json\/wp\/v2\/media\/6338"}],"wp:attachment":[{"href":"https:\/\/insuquim.cl\/es\/wp-json\/wp\/v2\/media?parent=6874"}],"wp:term":[{"taxonomy":"product_cat","embeddable":true,"href":"https:\/\/insuquim.cl\/es\/wp-json\/wp\/v2\/product_cat?post=6874"},{"taxonomy":"product_tag","embeddable":true,"href":"https:\/\/insuquim.cl\/es\/wp-json\/wp\/v2\/product_tag?post=6874"}],"curies":[{"name":"wp","href":"https:\/\/api.w.org\/{rel}","templated":true}]}}