{"id":6875,"date":"2023-10-01T21:05:08","date_gmt":"2023-10-01T21:05:08","guid":{"rendered":"https:\/\/insuquim.cl\/producto\/celulosa-microcristalina-ph-101\/"},"modified":"2023-10-01T21:05:08","modified_gmt":"2023-10-01T21:05:08","slug":"celulosa-microcristalina-ph-101","status":"publish","type":"product","link":"https:\/\/insuquim.cl\/es\/producto\/celulosa-microcristalina-ph-101","title":{"rendered":"CELULOSA MICROCRISTALINA PH 101"},"content":{"rendered":"<p>La celulosa microcristalina es un t\u00e9rmino para la pulpa de madera refinada y se utiliza como texturizante, agente antiaglomerante, sustituto de grasa, emulsionante, extensor y agente de carga en la producci\u00f3n de alimentos. La celulosa microcristalina es una forma de celulosa purificada y despolimerizada que se emplea como excipiente en las tabletas. El talco y el almid\u00f3n son otras substancias que com\u00fanmente se mezclan con los ingredientes activos de las pastillas, y tambi\u00e9n pueden producir inflamaci\u00f3n granulomatosa. En particular la celulosa microcristalina se utiliza como excipiente en la industria farmac\u00e9utica y como sustituto de harina y az\u00facar en alimentos de bajas calor\u00edas. Es utilizado tambi\u00e9n en c\u00e1psulas, como portador del color y el sabor.<\/p>","protected":false},"excerpt":{"rendered":"<p>La celulosa microcristalina es un t\u00e9rmino para la pulpa de madera refinada y se utiliza como texturizante, agente antiaglomerante, sustituto de grasa, emulsionante, extensor y agente de carga en la producci\u00f3n de alimentos. La celulosa microcristalina es una forma de celulosa purificada y despolimerizada que se emplea como excipiente en las tabletas. El talco y el almid\u00f3n son otras substancias que com\u00fanmente se mezclan con los ingredientes activos de las pastillas, y tambi\u00e9n pueden producir inflamaci\u00f3n granulomatosa. En particular la celulosa microcristalina se utiliza como excipiente en la industria farmac\u00e9utica y como sustituto de harina y az\u00facar en alimentos de bajas calor\u00edas. Es utilizado tambi\u00e9n en c\u00e1psulas, como portador del color y el sabor.<\/p>","protected":false},"featured_media":6342,"comment_status":"open","ping_status":"closed","template":"","meta":{"_joinchat":[]},"product_cat":[282],"product_tag":[244],"_links":{"self":[{"href":"https:\/\/insuquim.cl\/es\/wp-json\/wp\/v2\/product\/6875"}],"collection":[{"href":"https:\/\/insuquim.cl\/es\/wp-json\/wp\/v2\/product"}],"about":[{"href":"https:\/\/insuquim.cl\/es\/wp-json\/wp\/v2\/types\/product"}],"replies":[{"embeddable":true,"href":"https:\/\/insuquim.cl\/es\/wp-json\/wp\/v2\/comments?post=6875"}],"wp:featuredmedia":[{"embeddable":true,"href":"https:\/\/insuquim.cl\/es\/wp-json\/wp\/v2\/media\/6342"}],"wp:attachment":[{"href":"https:\/\/insuquim.cl\/es\/wp-json\/wp\/v2\/media?parent=6875"}],"wp:term":[{"taxonomy":"product_cat","embeddable":true,"href":"https:\/\/insuquim.cl\/es\/wp-json\/wp\/v2\/product_cat?post=6875"},{"taxonomy":"product_tag","embeddable":true,"href":"https:\/\/insuquim.cl\/es\/wp-json\/wp\/v2\/product_tag?post=6875"}],"curies":[{"name":"wp","href":"https:\/\/api.w.org\/{rel}","templated":true}]}}