{"id":6876,"date":"2023-10-01T21:05:08","date_gmt":"2023-10-01T21:05:08","guid":{"rendered":"https:\/\/insuquim.cl\/producto\/cera-carnauba-escama\/"},"modified":"2023-10-01T21:05:08","modified_gmt":"2023-10-01T21:05:08","slug":"cera-carnauba-escama","status":"publish","type":"product","link":"https:\/\/insuquim.cl\/es\/producto\/cera-carnauba-escama","title":{"rendered":"CERA CARNAUBA ESCAMA"},"content":{"rendered":"<p>La cera de carnauba se obtiene de las hojas de la planta Copernicia prunifera, que crece en el noroeste de Brasil. Su cera es conocida por el brillo que genera y por su protecci\u00f3n. Y es que, de entre las ceras naturales, es la que presenta un mayor punto de fusi\u00f3n a 85\u00ba, por lo que resulta muy dura y resistente frente a agresiones a temperatura ambiente. La principal propiedad por la que destaca la cera de carnauba es por su acabado brillante, por tanto, se puede usar para la fabricaci\u00f3n de todo tipo de productos en los que este requisito sea indispensable, sobre todo, cuando se mezcla con la de abeja. Adem\u00e1s, es emoliente e hipoalerg\u00e9nica, es decir, no produce reacci\u00f3n al\u00e9rgica alguna en las personas que la utilizan. Por esta raz\u00f3n, la cera carnauba es perfecta para su utilizaci\u00f3n en la elaboraci\u00f3n de productos cosm\u00e9ticos como son barras de labios y maquillajes. La cera de carnauba es muy impermeable, por lo que es habitual su uso sobre prendas y productos fabricados en cuero. Adem\u00e1s, les proporciona un brillo excelente, aumenta su dureza y alarga su duraci\u00f3n. Debido a que su ingesta es totalmente inocua, puede utilizarse sobre algunos alimentos como, por ejemplo, los dulces para mejorar su apariencia<\/p>","protected":false},"excerpt":{"rendered":"<p>La cera de carnauba se obtiene de las hojas de la planta Copernicia prunifera, que crece en el noroeste de Brasil. Su cera es conocida por el brillo que genera y por su protecci\u00f3n. Y es que, de entre las ceras naturales, es la que presenta un mayor punto de fusi\u00f3n a 85\u00ba, por lo que resulta muy dura y resistente frente a agresiones a temperatura ambiente. La principal propiedad por la que destaca la cera de carnauba es por su acabado brillante, por tanto, se puede usar para la fabricaci\u00f3n de todo tipo de productos en los que este requisito sea indispensable, sobre todo, cuando se mezcla con la de abeja. Adem\u00e1s, es emoliente e hipoalerg\u00e9nica, es decir, no produce reacci\u00f3n al\u00e9rgica alguna en las personas que la utilizan. Por esta raz\u00f3n, la cera carnauba es perfecta para su utilizaci\u00f3n en la elaboraci\u00f3n de productos cosm\u00e9ticos como son barras de labios y maquillajes. La cera de carnauba es muy impermeable, por lo que es habitual su uso sobre prendas y productos fabricados en cuero. Adem\u00e1s, les proporciona un brillo excelente, aumenta su dureza y alarga su duraci\u00f3n. Debido a que su ingesta es totalmente inocua, puede utilizarse sobre algunos alimentos como, por ejemplo, los dulces para mejorar su apariencia<\/p>","protected":false},"featured_media":6343,"comment_status":"open","ping_status":"closed","template":"","meta":{"_joinchat":[]},"product_cat":[283],"product_tag":[254],"_links":{"self":[{"href":"https:\/\/insuquim.cl\/es\/wp-json\/wp\/v2\/product\/6876"}],"collection":[{"href":"https:\/\/insuquim.cl\/es\/wp-json\/wp\/v2\/product"}],"about":[{"href":"https:\/\/insuquim.cl\/es\/wp-json\/wp\/v2\/types\/product"}],"replies":[{"embeddable":true,"href":"https:\/\/insuquim.cl\/es\/wp-json\/wp\/v2\/comments?post=6876"}],"wp:featuredmedia":[{"embeddable":true,"href":"https:\/\/insuquim.cl\/es\/wp-json\/wp\/v2\/media\/6343"}],"wp:attachment":[{"href":"https:\/\/insuquim.cl\/es\/wp-json\/wp\/v2\/media?parent=6876"}],"wp:term":[{"taxonomy":"product_cat","embeddable":true,"href":"https:\/\/insuquim.cl\/es\/wp-json\/wp\/v2\/product_cat?post=6876"},{"taxonomy":"product_tag","embeddable":true,"href":"https:\/\/insuquim.cl\/es\/wp-json\/wp\/v2\/product_tag?post=6876"}],"curies":[{"name":"wp","href":"https:\/\/api.w.org\/{rel}","templated":true}]}}