{"id":6877,"date":"2023-10-01T21:05:08","date_gmt":"2023-10-01T21:05:08","guid":{"rendered":"https:\/\/insuquim.cl\/producto\/ciclamato-de-sodio-fg\/"},"modified":"2023-10-01T21:05:08","modified_gmt":"2023-10-01T21:05:08","slug":"ciclamato-de-sodio-fg","status":"publish","type":"product","link":"https:\/\/insuquim.cl\/es\/producto\/ciclamato-de-sodio-fg","title":{"rendered":"CICLAMATO DE SODIO FG"},"content":{"rendered":"<p>Ciclamato es el nombre com\u00fan del ciclohexilsulfamato. El ciclamato es un edulcorante no cal\u00f3rico que ha sido considerado hasta cincuenta veces m\u00e1s dulce que otros endulzantes bajos en calor\u00edas. Hoy en d\u00eda existen varias organizaciones, tales como la FAO y la OMS que avalan su uso sin aparentes da\u00f1os a la salud en m\u00e1s de cien pa\u00edses del mundo. Es un edulcorante artificial utilizado como aditivo en alimentos debido a su poder endulzante, es uno de los endulzantes m\u00e1s populares y de mayor consumo. No se considera un nutriente, su funci\u00f3n es reemplazar la sacarosa y conferir el sabor dulce deseado en los alimentos.<\/p>","protected":false},"excerpt":{"rendered":"<p>Ciclamato es el nombre com\u00fan del ciclohexilsulfamato. El ciclamato es un edulcorante no cal\u00f3rico que ha sido considerado hasta cincuenta veces m\u00e1s dulce que otros endulzantes bajos en calor\u00edas. Hoy en d\u00eda existen varias organizaciones, tales como la FAO y la OMS que avalan su uso sin aparentes da\u00f1os a la salud en m\u00e1s de cien pa\u00edses del mundo. Es un edulcorante artificial utilizado como aditivo en alimentos debido a su poder endulzante, es uno de los endulzantes m\u00e1s populares y de mayor consumo. No se considera un nutriente, su funci\u00f3n es reemplazar la sacarosa y conferir el sabor dulce deseado en los alimentos.<\/p>","protected":false},"featured_media":6344,"comment_status":"open","ping_status":"closed","template":"","meta":{"_joinchat":[]},"product_cat":[284],"product_tag":[244],"_links":{"self":[{"href":"https:\/\/insuquim.cl\/es\/wp-json\/wp\/v2\/product\/6877"}],"collection":[{"href":"https:\/\/insuquim.cl\/es\/wp-json\/wp\/v2\/product"}],"about":[{"href":"https:\/\/insuquim.cl\/es\/wp-json\/wp\/v2\/types\/product"}],"replies":[{"embeddable":true,"href":"https:\/\/insuquim.cl\/es\/wp-json\/wp\/v2\/comments?post=6877"}],"wp:featuredmedia":[{"embeddable":true,"href":"https:\/\/insuquim.cl\/es\/wp-json\/wp\/v2\/media\/6344"}],"wp:attachment":[{"href":"https:\/\/insuquim.cl\/es\/wp-json\/wp\/v2\/media?parent=6877"}],"wp:term":[{"taxonomy":"product_cat","embeddable":true,"href":"https:\/\/insuquim.cl\/es\/wp-json\/wp\/v2\/product_cat?post=6877"},{"taxonomy":"product_tag","embeddable":true,"href":"https:\/\/insuquim.cl\/es\/wp-json\/wp\/v2\/product_tag?post=6877"}],"curies":[{"name":"wp","href":"https:\/\/api.w.org\/{rel}","templated":true}]}}