{"id":6878,"date":"2023-10-01T21:05:09","date_gmt":"2023-10-01T21:05:09","guid":{"rendered":"https:\/\/insuquim.cl\/producto\/ciclohexano\/"},"modified":"2023-10-01T21:05:09","modified_gmt":"2023-10-01T21:05:09","slug":"ciclohexano","status":"publish","type":"product","link":"https:\/\/insuquim.cl\/es\/producto\/ciclohexano","title":{"rendered":"CICLOHEXANO"},"content":{"rendered":"<p>Es un disolvente apolar muy utilizado con solutos del mismo tipo. Es un hidrocarburo alic\u00edclico altamente inflamable producido por la hidrogenaci\u00f3n catal\u00edtica del benceno, es un l\u00edquido incoloro con un olor dulce y acre que se utiliza como disolvente y para quitar pinturas, en la qu\u00edmica anal\u00edtica, y en la elaboraci\u00f3n de adhesivos y perfumes. Se utiliza en la extracci\u00f3n del petr\u00f3leo y la fabricaci\u00f3n de otras sustancias y como disolvente-catalizador. Solubilidad: Inmiscible con agua.<\/p>","protected":false},"excerpt":{"rendered":"<p>Es un disolvente apolar muy utilizado con solutos del mismo tipo. Es un hidrocarburo alic\u00edclico altamente inflamable producido por la hidrogenaci\u00f3n catal\u00edtica del benceno, es un l\u00edquido incoloro con un olor dulce y acre que se utiliza como disolvente y para quitar pinturas, en la qu\u00edmica anal\u00edtica, y en la elaboraci\u00f3n de adhesivos y perfumes. Se utiliza en la extracci\u00f3n del petr\u00f3leo y la fabricaci\u00f3n de otras sustancias y como disolvente-catalizador. Solubilidad: Inmiscible con agua.<\/p>","protected":false},"featured_media":6345,"comment_status":"open","ping_status":"closed","template":"","meta":{"_joinchat":[]},"product_cat":[285],"product_tag":[249],"_links":{"self":[{"href":"https:\/\/insuquim.cl\/es\/wp-json\/wp\/v2\/product\/6878"}],"collection":[{"href":"https:\/\/insuquim.cl\/es\/wp-json\/wp\/v2\/product"}],"about":[{"href":"https:\/\/insuquim.cl\/es\/wp-json\/wp\/v2\/types\/product"}],"replies":[{"embeddable":true,"href":"https:\/\/insuquim.cl\/es\/wp-json\/wp\/v2\/comments?post=6878"}],"wp:featuredmedia":[{"embeddable":true,"href":"https:\/\/insuquim.cl\/es\/wp-json\/wp\/v2\/media\/6345"}],"wp:attachment":[{"href":"https:\/\/insuquim.cl\/es\/wp-json\/wp\/v2\/media?parent=6878"}],"wp:term":[{"taxonomy":"product_cat","embeddable":true,"href":"https:\/\/insuquim.cl\/es\/wp-json\/wp\/v2\/product_cat?post=6878"},{"taxonomy":"product_tag","embeddable":true,"href":"https:\/\/insuquim.cl\/es\/wp-json\/wp\/v2\/product_tag?post=6878"}],"curies":[{"name":"wp","href":"https:\/\/api.w.org\/{rel}","templated":true}]}}