{"id":6879,"date":"2023-10-01T21:05:09","date_gmt":"2023-10-01T21:05:09","guid":{"rendered":"https:\/\/insuquim.cl\/producto\/ciclohexanona\/"},"modified":"2023-10-01T21:05:09","modified_gmt":"2023-10-01T21:05:09","slug":"ciclohexanona","status":"publish","type":"product","link":"https:\/\/insuquim.cl\/es\/producto\/ciclohexanona","title":{"rendered":"CICLOHEXANONA"},"content":{"rendered":"<p>La obtenci\u00f3n de ciclohexanona se lleva a cabo principalmente por oxidaci\u00f3n de ciclohexano, pertenece al grupo de las cetonas c\u00edclicas. Es un l\u00edquido incoloro, cuyo olor recuerda al de la acetona, es soluble en agua y miscible con los solventes org\u00e1nicos m\u00e1s comunes. La ciclohexanona se emplea como disolvente en la industria, y como reactivo en la producci\u00f3n de \u00e1cido ad\u00edpico y de caprolactama. Se emplea principalmente en la fabricaci\u00f3n de nylon y como adhesivo en el sellado de objetos de PVC. Tambi\u00e9n se utiliza como disolvente de lacas, resinas, pol\u00edmeros, adhesivos, pigmentos y en otras aplicaciones.<\/p>","protected":false},"excerpt":{"rendered":"<p>La obtenci\u00f3n de ciclohexanona se lleva a cabo principalmente por oxidaci\u00f3n de ciclohexano, pertenece al grupo de las cetonas c\u00edclicas. Es un l\u00edquido incoloro, cuyo olor recuerda al de la acetona, es soluble en agua y miscible con los solventes org\u00e1nicos m\u00e1s comunes. La ciclohexanona se emplea como disolvente en la industria, y como reactivo en la producci\u00f3n de \u00e1cido ad\u00edpico y de caprolactama. Se emplea principalmente en la fabricaci\u00f3n de nylon y como adhesivo en el sellado de objetos de PVC. Tambi\u00e9n se utiliza como disolvente de lacas, resinas, pol\u00edmeros, adhesivos, pigmentos y en otras aplicaciones.<\/p>","protected":false},"featured_media":6346,"comment_status":"open","ping_status":"closed","template":"","meta":{"_joinchat":[]},"product_cat":[286],"product_tag":[249],"_links":{"self":[{"href":"https:\/\/insuquim.cl\/es\/wp-json\/wp\/v2\/product\/6879"}],"collection":[{"href":"https:\/\/insuquim.cl\/es\/wp-json\/wp\/v2\/product"}],"about":[{"href":"https:\/\/insuquim.cl\/es\/wp-json\/wp\/v2\/types\/product"}],"replies":[{"embeddable":true,"href":"https:\/\/insuquim.cl\/es\/wp-json\/wp\/v2\/comments?post=6879"}],"wp:featuredmedia":[{"embeddable":true,"href":"https:\/\/insuquim.cl\/es\/wp-json\/wp\/v2\/media\/6346"}],"wp:attachment":[{"href":"https:\/\/insuquim.cl\/es\/wp-json\/wp\/v2\/media?parent=6879"}],"wp:term":[{"taxonomy":"product_cat","embeddable":true,"href":"https:\/\/insuquim.cl\/es\/wp-json\/wp\/v2\/product_cat?post=6879"},{"taxonomy":"product_tag","embeddable":true,"href":"https:\/\/insuquim.cl\/es\/wp-json\/wp\/v2\/product_tag?post=6879"}],"curies":[{"name":"wp","href":"https:\/\/api.w.org\/{rel}","templated":true}]}}