{"id":6886,"date":"2023-10-01T21:05:10","date_gmt":"2023-10-01T21:05:10","guid":{"rendered":"https:\/\/insuquim.cl\/producto\/cloro-tabletas-tripleaccion\/"},"modified":"2023-10-01T21:05:10","modified_gmt":"2023-10-01T21:05:10","slug":"cloro-tabletas-tripleaccion","status":"publish","type":"product","link":"https:\/\/insuquim.cl\/es\/producto\/cloro-tabletas-tripleaccion","title":{"rendered":"CLORO TABLETAS TRIPLEACCION"},"content":{"rendered":"<p>Es un compuesto org\u00e1nico con un contenido de 80% cloro. Tabletas de alta eficacia utilizadas en el tratamiento de agua potable y de piscina para eliminar bacterias, algas y musgo. Antes de aplicar el producto debe revisar el pH de agua, este debe estar entre 7.2 y 7.6 y el nivel del cloro libre se debe mantener entre 1 y 3 ppm, luego colocar la tableta de cloro en un dosificador flotante y dejarlo en el agua de la piscina manteniendo el filtro en operaci\u00f3n. Su alto nivel de concentraci\u00f3n permite que se disuelva lentamente y perdure por m\u00e1s tiempo manteniendo sus caracter\u00edsticas. Aplicar semanalmente una tableta de 200 gr para 20 m3 de agua de piscina. Antes de Producto toxico que debe ser almacenado en un lugar fresco y seco<\/p>","protected":false},"excerpt":{"rendered":"<p>Es un compuesto org\u00e1nico con un contenido de 80% cloro. Tabletas de alta eficacia utilizadas en el tratamiento de agua potable y de piscina para eliminar bacterias, algas y musgo. Antes de aplicar el producto debe revisar el pH de agua, este debe estar entre 7.2 y 7.6 y el nivel del cloro libre se debe mantener entre 1 y 3 ppm, luego colocar la tableta de cloro en un dosificador flotante y dejarlo en el agua de la piscina manteniendo el filtro en operaci\u00f3n. Su alto nivel de concentraci\u00f3n permite que se disuelva lentamente y perdure por m\u00e1s tiempo manteniendo sus caracter\u00edsticas. Aplicar semanalmente una tableta de 200 gr para 20 m3 de agua de piscina. Antes de Producto toxico que debe ser almacenado en un lugar fresco y seco<\/p>","protected":false},"featured_media":6353,"comment_status":"open","ping_status":"closed","template":"","meta":{"_joinchat":[]},"product_cat":[289],"product_tag":[254],"_links":{"self":[{"href":"https:\/\/insuquim.cl\/es\/wp-json\/wp\/v2\/product\/6886"}],"collection":[{"href":"https:\/\/insuquim.cl\/es\/wp-json\/wp\/v2\/product"}],"about":[{"href":"https:\/\/insuquim.cl\/es\/wp-json\/wp\/v2\/types\/product"}],"replies":[{"embeddable":true,"href":"https:\/\/insuquim.cl\/es\/wp-json\/wp\/v2\/comments?post=6886"}],"wp:featuredmedia":[{"embeddable":true,"href":"https:\/\/insuquim.cl\/es\/wp-json\/wp\/v2\/media\/6353"}],"wp:attachment":[{"href":"https:\/\/insuquim.cl\/es\/wp-json\/wp\/v2\/media?parent=6886"}],"wp:term":[{"taxonomy":"product_cat","embeddable":true,"href":"https:\/\/insuquim.cl\/es\/wp-json\/wp\/v2\/product_cat?post=6886"},{"taxonomy":"product_tag","embeddable":true,"href":"https:\/\/insuquim.cl\/es\/wp-json\/wp\/v2\/product_tag?post=6886"}],"curies":[{"name":"wp","href":"https:\/\/api.w.org\/{rel}","templated":true}]}}