{"id":6888,"date":"2023-10-01T21:05:10","date_gmt":"2023-10-01T21:05:10","guid":{"rendered":"https:\/\/insuquim.cl\/producto\/cloruro-benzalconio-amonio-cuaternario-50\/"},"modified":"2023-10-01T21:05:10","modified_gmt":"2023-10-01T21:05:10","slug":"cloruro-benzalconio-amonio-cuaternario-50","status":"publish","type":"product","link":"https:\/\/insuquim.cl\/es\/producto\/cloruro-benzalconio-amonio-cuaternario-50","title":{"rendered":"CLORURO BENZALCONIO \/AMONIO CUATERNARIO 50%"},"content":{"rendered":"<p>El cloruro de benzalconio, compuesto de amonio cuaternario, es utilizado como desinfectante y antis\u00e9ptico de acci\u00f3n bactericida y viricida principalmente, sin considerar su propiedad fungicida, espec\u00edficamente sobre los g\u00e9neros Trichophyton, Epidermophyton y Candida. Es muy efectivo contra las bacterias grampositivas, como el Streptococcus, Staphylococcus aureus, bacterias causantes de difteria, \u00e1ntrax y s\u00edndrome de shock t\u00f3xico, a las cuales desnaturaliza sus prote\u00ednas celulares esenciales y rompe las membranas celulares.  Es bacteriost\u00e1tico a dosis bajas y bactericida a dosis altas, pero solamente es activo contra bacterias Gram +. El cloruro de benzalconio 50% es compatible con detergentes cati\u00f3nicos y no ionicos y puede ser usado en cualquier fase del pH; pierde su actividad en presencia de Alcoholes sulfatados, Alquil Benzeno Sulfonados y jabones y no permite la utilizaci\u00f3n en conjunto con agentes oxidantes, tales como: Hipoclorito de Sodio, \u00c1cido N\u00edtrico o Percloratos. Usos: Agentes biocidas de r\u00e1pida acci\u00f3n y en combinaci\u00f3n con otros ingredientes activos, productos de limpieza de material quir\u00fargico y m\u00e9dico, preparados farmac\u00e9uticos como colirios o gotas para los ojos y gotas nasales, productos de higiene y desinfecci\u00f3n para uso industrial, dom\u00e9stico y comercial, como preservante en productos farmac\u00e9uticos, previniendo la propagaci\u00f3n de bacterias y microorganismo entre otros.<\/p>","protected":false},"excerpt":{"rendered":"<p>El cloruro de benzalconio, compuesto de amonio cuaternario, es utilizado como desinfectante y antis\u00e9ptico de acci\u00f3n bactericida y viricida principalmente, sin considerar su propiedad fungicida, espec\u00edficamente sobre los g\u00e9neros Trichophyton, Epidermophyton y Candida. Es muy efectivo contra las bacterias grampositivas, como el Streptococcus, Staphylococcus aureus, bacterias causantes de difteria, \u00e1ntrax y s\u00edndrome de shock t\u00f3xico, a las cuales desnaturaliza sus prote\u00ednas celulares esenciales y rompe las membranas celulares.  Es bacteriost\u00e1tico a dosis bajas y bactericida a dosis altas, pero solamente es activo contra bacterias Gram +. El cloruro de benzalconio 50% es compatible con detergentes cati\u00f3nicos y no ionicos y puede ser usado en cualquier fase del pH; pierde su actividad en presencia de Alcoholes sulfatados, Alquil Benzeno Sulfonados y jabones y no permite la utilizaci\u00f3n en conjunto con agentes oxidantes, tales como: Hipoclorito de Sodio, \u00c1cido N\u00edtrico o Percloratos. Usos: Agentes biocidas de r\u00e1pida acci\u00f3n y en combinaci\u00f3n con otros ingredientes activos, productos de limpieza de material quir\u00fargico y m\u00e9dico, preparados farmac\u00e9uticos como colirios o gotas para los ojos y gotas nasales, productos de higiene y desinfecci\u00f3n para uso industrial, dom\u00e9stico y comercial, como preservante en productos farmac\u00e9uticos, previniendo la propagaci\u00f3n de bacterias y microorganismo entre otros.<\/p>","protected":false},"featured_media":6355,"comment_status":"open","ping_status":"closed","template":"","meta":{"_joinchat":[]},"product_cat":[291],"product_tag":[254],"_links":{"self":[{"href":"https:\/\/insuquim.cl\/es\/wp-json\/wp\/v2\/product\/6888"}],"collection":[{"href":"https:\/\/insuquim.cl\/es\/wp-json\/wp\/v2\/product"}],"about":[{"href":"https:\/\/insuquim.cl\/es\/wp-json\/wp\/v2\/types\/product"}],"replies":[{"embeddable":true,"href":"https:\/\/insuquim.cl\/es\/wp-json\/wp\/v2\/comments?post=6888"}],"wp:featuredmedia":[{"embeddable":true,"href":"https:\/\/insuquim.cl\/es\/wp-json\/wp\/v2\/media\/6355"}],"wp:attachment":[{"href":"https:\/\/insuquim.cl\/es\/wp-json\/wp\/v2\/media?parent=6888"}],"wp:term":[{"taxonomy":"product_cat","embeddable":true,"href":"https:\/\/insuquim.cl\/es\/wp-json\/wp\/v2\/product_cat?post=6888"},{"taxonomy":"product_tag","embeddable":true,"href":"https:\/\/insuquim.cl\/es\/wp-json\/wp\/v2\/product_tag?post=6888"}],"curies":[{"name":"wp","href":"https:\/\/api.w.org\/{rel}","templated":true}]}}