{"id":6889,"date":"2023-10-01T21:05:10","date_gmt":"2023-10-01T21:05:10","guid":{"rendered":"https:\/\/insuquim.cl\/producto\/cloruro-de-amonio\/"},"modified":"2023-10-01T21:05:10","modified_gmt":"2023-10-01T21:05:10","slug":"cloruro-de-amonio","status":"publish","type":"product","link":"https:\/\/insuquim.cl\/es\/producto\/cloruro-de-amonio","title":{"rendered":"CLORURO DE AMONIO"},"content":{"rendered":"<p>El cloruro de amonio, cloruro am\u00f3nico o clorhidrato am\u00f3nico es una sal inorganica de amonio cuya f\u00f3rmula qu\u00edmica es NH4Cl. Esta sal cristalina blanca es altamente soluble en agua y sus disoluciones son ligeramente \u00e1cidas. El cloruro de amonio s\u00f3lido se utiliza en la elaboraci\u00f3n de bater\u00edas de pila seca y los compuestos de amon\u00edaco, y como fundente para la soldadura, agente desoxidante en el recubrimiento del zinc y el esta\u00f1ado, y fertilizante. Principales aplicaciones: alimentaci\u00f3n animal, en medicina como diur\u00e9tico y expectorante y en la industrial en los procesos de galvanizados.<\/p>","protected":false},"excerpt":{"rendered":"<p>El cloruro de amonio, cloruro am\u00f3nico o clorhidrato am\u00f3nico es una sal inorganica de amonio cuya f\u00f3rmula qu\u00edmica es NH4Cl. Esta sal cristalina blanca es altamente soluble en agua y sus disoluciones son ligeramente \u00e1cidas. El cloruro de amonio s\u00f3lido se utiliza en la elaboraci\u00f3n de bater\u00edas de pila seca y los compuestos de amon\u00edaco, y como fundente para la soldadura, agente desoxidante en el recubrimiento del zinc y el esta\u00f1ado, y fertilizante. Principales aplicaciones: alimentaci\u00f3n animal, en medicina como diur\u00e9tico y expectorante y en la industrial en los procesos de galvanizados.<\/p>","protected":false},"featured_media":6356,"comment_status":"open","ping_status":"closed","template":"","meta":{"_joinchat":[]},"product_cat":[291],"product_tag":[248],"_links":{"self":[{"href":"https:\/\/insuquim.cl\/es\/wp-json\/wp\/v2\/product\/6889"}],"collection":[{"href":"https:\/\/insuquim.cl\/es\/wp-json\/wp\/v2\/product"}],"about":[{"href":"https:\/\/insuquim.cl\/es\/wp-json\/wp\/v2\/types\/product"}],"replies":[{"embeddable":true,"href":"https:\/\/insuquim.cl\/es\/wp-json\/wp\/v2\/comments?post=6889"}],"wp:featuredmedia":[{"embeddable":true,"href":"https:\/\/insuquim.cl\/es\/wp-json\/wp\/v2\/media\/6356"}],"wp:attachment":[{"href":"https:\/\/insuquim.cl\/es\/wp-json\/wp\/v2\/media?parent=6889"}],"wp:term":[{"taxonomy":"product_cat","embeddable":true,"href":"https:\/\/insuquim.cl\/es\/wp-json\/wp\/v2\/product_cat?post=6889"},{"taxonomy":"product_tag","embeddable":true,"href":"https:\/\/insuquim.cl\/es\/wp-json\/wp\/v2\/product_tag?post=6889"}],"curies":[{"name":"wp","href":"https:\/\/api.w.org\/{rel}","templated":true}]}}