{"id":6890,"date":"2023-10-01T21:05:10","date_gmt":"2023-10-01T21:05:10","guid":{"rendered":"https:\/\/insuquim.cl\/producto\/cloruro-de-calcio-77-escamas-tec\/"},"modified":"2023-10-01T21:05:10","modified_gmt":"2023-10-01T21:05:10","slug":"cloruro-de-calcio-77-escamas-tec","status":"publish","type":"product","link":"https:\/\/insuquim.cl\/es\/producto\/cloruro-de-calcio-77-escamas-tec","title":{"rendered":"CLORURO DE CALCIO 77% ESCAMAS TEC"},"content":{"rendered":"<p>El cloruro de calcio 77% escamas es el producto ideal para absorber la humedad en todo tipo de ambientes, las escamas absorben la humedad y se transforman en liquido que despu\u00e9s tiene que ser removido para que no regrese al ambiente. Es ligeramente t\u00f3xico, inodoro y ligeramente amargo, es extremadamente higrosc\u00f3pico y es f\u00e1cilmente delicuescente cuando se expone al aire, soluble en alcohol, acetona y \u00e1cido ac\u00e9tico, puede atraer varias veces su propio peso en agua. Sus principales aplicaciones en la industria son: Refrigerante Acelerante de fraguado del hormig\u00f3n, agente estabilizante de caminos Industria Qu\u00edmica, como precipitante en la fabricaci\u00f3n de pinturas lacustres, perforaci\u00f3n de yacimientos petrol\u00edferos, estabilizaci\u00f3n de lodos, perforaci\u00f3n de lubricaci\u00f3n, perforaci\u00f3n de pozos, colocaci\u00f3n de pozos de petr\u00f3leo, se utiliza para derretir y derretir nieve en carreteras, autopistas, estacionamientos y muelles, entre otros<\/p>","protected":false},"excerpt":{"rendered":"<p>El cloruro de calcio 77% escamas es el producto ideal para absorber la humedad en todo tipo de ambientes, las escamas absorben la humedad y se transforman en liquido que despu\u00e9s tiene que ser removido para que no regrese al ambiente. Es ligeramente t\u00f3xico, inodoro y ligeramente amargo, es extremadamente higrosc\u00f3pico y es f\u00e1cilmente delicuescente cuando se expone al aire, soluble en alcohol, acetona y \u00e1cido ac\u00e9tico, puede atraer varias veces su propio peso en agua. Sus principales aplicaciones en la industria son: Refrigerante Acelerante de fraguado del hormig\u00f3n, agente estabilizante de caminos Industria Qu\u00edmica, como precipitante en la fabricaci\u00f3n de pinturas lacustres, perforaci\u00f3n de yacimientos petrol\u00edferos, estabilizaci\u00f3n de lodos, perforaci\u00f3n de lubricaci\u00f3n, perforaci\u00f3n de pozos, colocaci\u00f3n de pozos de petr\u00f3leo, se utiliza para derretir y derretir nieve en carreteras, autopistas, estacionamientos y muelles, entre otros<\/p>","protected":false},"featured_media":6357,"comment_status":"open","ping_status":"closed","template":"","meta":{"_joinchat":[]},"product_cat":[291],"product_tag":[277],"_links":{"self":[{"href":"https:\/\/insuquim.cl\/es\/wp-json\/wp\/v2\/product\/6890"}],"collection":[{"href":"https:\/\/insuquim.cl\/es\/wp-json\/wp\/v2\/product"}],"about":[{"href":"https:\/\/insuquim.cl\/es\/wp-json\/wp\/v2\/types\/product"}],"replies":[{"embeddable":true,"href":"https:\/\/insuquim.cl\/es\/wp-json\/wp\/v2\/comments?post=6890"}],"wp:featuredmedia":[{"embeddable":true,"href":"https:\/\/insuquim.cl\/es\/wp-json\/wp\/v2\/media\/6357"}],"wp:attachment":[{"href":"https:\/\/insuquim.cl\/es\/wp-json\/wp\/v2\/media?parent=6890"}],"wp:term":[{"taxonomy":"product_cat","embeddable":true,"href":"https:\/\/insuquim.cl\/es\/wp-json\/wp\/v2\/product_cat?post=6890"},{"taxonomy":"product_tag","embeddable":true,"href":"https:\/\/insuquim.cl\/es\/wp-json\/wp\/v2\/product_tag?post=6890"}],"curies":[{"name":"wp","href":"https:\/\/api.w.org\/{rel}","templated":true}]}}