{"id":6893,"date":"2023-10-01T21:05:14","date_gmt":"2023-10-01T21:05:14","guid":{"rendered":"https:\/\/insuquim.cl\/producto\/cloruro-de-magnesio-usp\/"},"modified":"2023-10-01T21:05:14","modified_gmt":"2023-10-01T21:05:14","slug":"cloruro-de-magnesio-usp","status":"publish","type":"product","link":"https:\/\/insuquim.cl\/es\/producto\/cloruro-de-magnesio-usp","title":{"rendered":"CLORURO DE MAGNESIO USP"},"content":{"rendered":"<p>El cloruro de magnesio es un complemento alimenticio (no un suplemento como se acostumbra a denominar) de f\u00e1cil absorci\u00f3n que puede ser \u00fatil para: Aliviar la acidez de est\u00f3mago, ayudar en las digestiones, mejorar el estre\u00f1imiento, mejorar la densidad \u00f3sea<\/p>","protected":false},"excerpt":{"rendered":"<p>El cloruro de magnesio es un complemento alimenticio (no un suplemento como se acostumbra a denominar) de f\u00e1cil absorci\u00f3n que puede ser \u00fatil para: Aliviar la acidez de est\u00f3mago, ayudar en las digestiones, mejorar el estre\u00f1imiento, mejorar la densidad \u00f3sea<\/p>","protected":false},"featured_media":6360,"comment_status":"open","ping_status":"closed","template":"","meta":{"_joinchat":[]},"product_cat":[291],"product_tag":[244],"_links":{"self":[{"href":"https:\/\/insuquim.cl\/es\/wp-json\/wp\/v2\/product\/6893"}],"collection":[{"href":"https:\/\/insuquim.cl\/es\/wp-json\/wp\/v2\/product"}],"about":[{"href":"https:\/\/insuquim.cl\/es\/wp-json\/wp\/v2\/types\/product"}],"replies":[{"embeddable":true,"href":"https:\/\/insuquim.cl\/es\/wp-json\/wp\/v2\/comments?post=6893"}],"wp:featuredmedia":[{"embeddable":true,"href":"https:\/\/insuquim.cl\/es\/wp-json\/wp\/v2\/media\/6360"}],"wp:attachment":[{"href":"https:\/\/insuquim.cl\/es\/wp-json\/wp\/v2\/media?parent=6893"}],"wp:term":[{"taxonomy":"product_cat","embeddable":true,"href":"https:\/\/insuquim.cl\/es\/wp-json\/wp\/v2\/product_cat?post=6893"},{"taxonomy":"product_tag","embeddable":true,"href":"https:\/\/insuquim.cl\/es\/wp-json\/wp\/v2\/product_tag?post=6893"}],"curies":[{"name":"wp","href":"https:\/\/api.w.org\/{rel}","templated":true}]}}