{"id":6894,"date":"2023-10-01T21:05:14","date_gmt":"2023-10-01T21:05:14","guid":{"rendered":"https:\/\/insuquim.cl\/producto\/cloruro-de-metileno-liquido\/"},"modified":"2023-10-01T21:05:14","modified_gmt":"2023-10-01T21:05:14","slug":"cloruro-de-metileno-liquido","status":"publish","type":"product","link":"https:\/\/insuquim.cl\/es\/producto\/cloruro-de-metileno-liquido","title":{"rendered":"CLORURO DE METILENO LIQUIDO"},"content":{"rendered":"<p>El cloruro de metileno es un l\u00edquido vol\u00e1til incoloro de olor dulce. Se utiliza como decapante o quitapinturas, quitabarniz, disolvente de pl\u00e1sticos, agente desengrasante, propelente y agente de expansi\u00f3n. Tambi\u00e9n puede encontrarse en algunos aerosoles y pesticidas y se usa en la manufactura de cinta fotogr\u00e1fica.<\/p>","protected":false},"excerpt":{"rendered":"<p>El cloruro de metileno es un l\u00edquido vol\u00e1til incoloro de olor dulce. Se utiliza como decapante o quitapinturas, quitabarniz, disolvente de pl\u00e1sticos, agente desengrasante, propelente y agente de expansi\u00f3n. Tambi\u00e9n puede encontrarse en algunos aerosoles y pesticidas y se usa en la manufactura de cinta fotogr\u00e1fica.<\/p>","protected":false},"featured_media":6361,"comment_status":"open","ping_status":"closed","template":"","meta":{"_joinchat":[]},"product_cat":[291],"product_tag":[248],"_links":{"self":[{"href":"https:\/\/insuquim.cl\/es\/wp-json\/wp\/v2\/product\/6894"}],"collection":[{"href":"https:\/\/insuquim.cl\/es\/wp-json\/wp\/v2\/product"}],"about":[{"href":"https:\/\/insuquim.cl\/es\/wp-json\/wp\/v2\/types\/product"}],"replies":[{"embeddable":true,"href":"https:\/\/insuquim.cl\/es\/wp-json\/wp\/v2\/comments?post=6894"}],"wp:featuredmedia":[{"embeddable":true,"href":"https:\/\/insuquim.cl\/es\/wp-json\/wp\/v2\/media\/6361"}],"wp:attachment":[{"href":"https:\/\/insuquim.cl\/es\/wp-json\/wp\/v2\/media?parent=6894"}],"wp:term":[{"taxonomy":"product_cat","embeddable":true,"href":"https:\/\/insuquim.cl\/es\/wp-json\/wp\/v2\/product_cat?post=6894"},{"taxonomy":"product_tag","embeddable":true,"href":"https:\/\/insuquim.cl\/es\/wp-json\/wp\/v2\/product_tag?post=6894"}],"curies":[{"name":"wp","href":"https:\/\/api.w.org\/{rel}","templated":true}]}}