{"id":6896,"date":"2023-10-01T21:05:15","date_gmt":"2023-10-01T21:05:15","guid":{"rendered":"https:\/\/insuquim.cl\/producto\/cloruro-de-potasio-tecnico\/"},"modified":"2023-10-01T21:05:15","modified_gmt":"2023-10-01T21:05:15","slug":"cloruro-de-potasio-tecnico","status":"publish","type":"product","link":"https:\/\/insuquim.cl\/es\/producto\/cloruro-de-potasio-tecnico","title":{"rendered":"CLORURO DE POTASIO TECNICO"},"content":{"rendered":"<p>El cloruro de potasio es el fertilizante pot\u00e1sico m\u00e1s utilizado a nivel industrial debido a su econ\u00f3mico precio, puesto que incluye m\u00e1s cantidad de potasio (K) que otro tipo de fuente. Este fertilizante pot\u00e1sico es apropiado para la preparaci\u00f3n de mezclas en su forma granular y en la producci\u00f3n de NPK qu\u00edmicos(fertilizante que contiene nitr\u00f3geno (N), f\u00f3sforo (P) y potasio (K)) en su forma est\u00e1ndar. Es muy utilizado en cultivos exigentes en potasio o en suelos insuficientes de este elemento.<\/p>","protected":false},"excerpt":{"rendered":"<p>El cloruro de potasio es el fertilizante pot\u00e1sico m\u00e1s utilizado a nivel industrial debido a su econ\u00f3mico precio, puesto que incluye m\u00e1s cantidad de potasio (K) que otro tipo de fuente. Este fertilizante pot\u00e1sico es apropiado para la preparaci\u00f3n de mezclas en su forma granular y en la producci\u00f3n de NPK qu\u00edmicos(fertilizante que contiene nitr\u00f3geno (N), f\u00f3sforo (P) y potasio (K)) en su forma est\u00e1ndar. Es muy utilizado en cultivos exigentes en potasio o en suelos insuficientes de este elemento.<\/p>","protected":false},"featured_media":6363,"comment_status":"open","ping_status":"closed","template":"","meta":{"_joinchat":[]},"product_cat":[291],"product_tag":[248],"_links":{"self":[{"href":"https:\/\/insuquim.cl\/es\/wp-json\/wp\/v2\/product\/6896"}],"collection":[{"href":"https:\/\/insuquim.cl\/es\/wp-json\/wp\/v2\/product"}],"about":[{"href":"https:\/\/insuquim.cl\/es\/wp-json\/wp\/v2\/types\/product"}],"replies":[{"embeddable":true,"href":"https:\/\/insuquim.cl\/es\/wp-json\/wp\/v2\/comments?post=6896"}],"wp:featuredmedia":[{"embeddable":true,"href":"https:\/\/insuquim.cl\/es\/wp-json\/wp\/v2\/media\/6363"}],"wp:attachment":[{"href":"https:\/\/insuquim.cl\/es\/wp-json\/wp\/v2\/media?parent=6896"}],"wp:term":[{"taxonomy":"product_cat","embeddable":true,"href":"https:\/\/insuquim.cl\/es\/wp-json\/wp\/v2\/product_cat?post=6896"},{"taxonomy":"product_tag","embeddable":true,"href":"https:\/\/insuquim.cl\/es\/wp-json\/wp\/v2\/product_tag?post=6896"}],"curies":[{"name":"wp","href":"https:\/\/api.w.org\/{rel}","templated":true}]}}