{"id":6899,"date":"2023-10-01T21:05:15","date_gmt":"2023-10-01T21:05:15","guid":{"rendered":"https:\/\/insuquim.cl\/producto\/cloruro-de-zinc\/"},"modified":"2023-10-01T21:05:15","modified_gmt":"2023-10-01T21:05:15","slug":"cloruro-de-zinc","status":"publish","type":"product","link":"https:\/\/insuquim.cl\/es\/producto\/cloruro-de-zinc","title":{"rendered":"CLORURO DE ZINC"},"content":{"rendered":"<p>El cloruro de zinc es un compuesto qu\u00edmico incoloro o blanco, muy solubles en agua y altamente higrosc\u00f3pico e incluso delicuescente, por tanto, debe protegerse de las fuentes de humedad, incluido el vapor de agua presente en el medio ambiente. Se usa en distintos campos como en el tratamiento de aguas o tambi\u00e9n como agente resistente al fuego en procesos textiles y en la fabricaci\u00f3n de bactericidas, fungicidas y estabilizantes para pl\u00e1sticos.  En la industria agroalimentaria es muy usado como activador de las enzimas responsables en la s\u00edntesis de ciertas prote\u00ednas; tambien es utilizado en la formaci\u00f3n de clorofila y algunos carbohidratos y en la conversi\u00f3n de almidones en az\u00facares. El zinc tambi\u00e9n ayuda a las plantas a resistir las bajas temperaturas<\/p>","protected":false},"excerpt":{"rendered":"<p>El cloruro de zinc es un compuesto qu\u00edmico incoloro o blanco, muy solubles en agua y altamente higrosc\u00f3pico e incluso delicuescente, por tanto, debe protegerse de las fuentes de humedad, incluido el vapor de agua presente en el medio ambiente. Se usa en distintos campos como en el tratamiento de aguas o tambi\u00e9n como agente resistente al fuego en procesos textiles y en la fabricaci\u00f3n de bactericidas, fungicidas y estabilizantes para pl\u00e1sticos.  En la industria agroalimentaria es muy usado como activador de las enzimas responsables en la s\u00edntesis de ciertas prote\u00ednas; tambien es utilizado en la formaci\u00f3n de clorofila y algunos carbohidratos y en la conversi\u00f3n de almidones en az\u00facares. El zinc tambi\u00e9n ayuda a las plantas a resistir las bajas temperaturas<\/p>","protected":false},"featured_media":6366,"comment_status":"open","ping_status":"closed","template":"","meta":{"_joinchat":[]},"product_cat":[291],"product_tag":[247],"_links":{"self":[{"href":"https:\/\/insuquim.cl\/es\/wp-json\/wp\/v2\/product\/6899"}],"collection":[{"href":"https:\/\/insuquim.cl\/es\/wp-json\/wp\/v2\/product"}],"about":[{"href":"https:\/\/insuquim.cl\/es\/wp-json\/wp\/v2\/types\/product"}],"replies":[{"embeddable":true,"href":"https:\/\/insuquim.cl\/es\/wp-json\/wp\/v2\/comments?post=6899"}],"wp:featuredmedia":[{"embeddable":true,"href":"https:\/\/insuquim.cl\/es\/wp-json\/wp\/v2\/media\/6366"}],"wp:attachment":[{"href":"https:\/\/insuquim.cl\/es\/wp-json\/wp\/v2\/media?parent=6899"}],"wp:term":[{"taxonomy":"product_cat","embeddable":true,"href":"https:\/\/insuquim.cl\/es\/wp-json\/wp\/v2\/product_cat?post=6899"},{"taxonomy":"product_tag","embeddable":true,"href":"https:\/\/insuquim.cl\/es\/wp-json\/wp\/v2\/product_tag?post=6899"}],"curies":[{"name":"wp","href":"https:\/\/api.w.org\/{rel}","templated":true}]}}