{"id":6900,"date":"2023-10-01T21:05:15","date_gmt":"2023-10-01T21:05:15","guid":{"rendered":"https:\/\/insuquim.cl\/producto\/cloruro-ferrico-percloruro-de-hierro\/"},"modified":"2023-10-01T21:05:15","modified_gmt":"2023-10-01T21:05:15","slug":"cloruro-ferrico-percloruro-de-hierro","status":"publish","type":"product","link":"https:\/\/insuquim.cl\/es\/producto\/cloruro-ferrico-percloruro-de-hierro","title":{"rendered":"CLORURO FERRICO (Percloruro de hierro)"},"content":{"rendered":"<p>El cloruro f\u00e9rrico es un compuesto qu\u00edmico conocido tambi\u00e9n como cloruro de hierro, tricloruro de hierro o cloruro de hierro III. Este compuesto qu\u00edmico tiene una gran variedad de aplicaciones. Alrededor del 60% de fabricaci\u00f3n de cloruro f\u00e9rrico se destina para el tratamiento de aguas residuales ya que es un poderoso agente floculante del cual te contaremos todas sus caracter\u00edsticas a continuaci\u00f3n. Es un compuesto inestable al contacto con el aire h\u00famedo, ya que forma una neblina de cloruro de hidr\u00f3geno que se hidroliza al disolverse en agua, produce una reacci\u00f3n exot\u00e9rmica, libera calor y da lugar a una sustancia color marr\u00f3n que puede ser altamente corrosiva. Esta reacci\u00f3n se puede usar como coagulante en el tratamiento de aguas residuales y para grabado qu\u00edmico.Tambi\u00e9n se usa en grabados, textiles y fotograf\u00eda, as\u00ed como desinfectante y aditivo para piensos.<\/p>","protected":false},"excerpt":{"rendered":"<p>El cloruro f\u00e9rrico es un compuesto qu\u00edmico conocido tambi\u00e9n como cloruro de hierro, tricloruro de hierro o cloruro de hierro III. Este compuesto qu\u00edmico tiene una gran variedad de aplicaciones. Alrededor del 60% de fabricaci\u00f3n de cloruro f\u00e9rrico se destina para el tratamiento de aguas residuales ya que es un poderoso agente floculante del cual te contaremos todas sus caracter\u00edsticas a continuaci\u00f3n. Es un compuesto inestable al contacto con el aire h\u00famedo, ya que forma una neblina de cloruro de hidr\u00f3geno que se hidroliza al disolverse en agua, produce una reacci\u00f3n exot\u00e9rmica, libera calor y da lugar a una sustancia color marr\u00f3n que puede ser altamente corrosiva. Esta reacci\u00f3n se puede usar como coagulante en el tratamiento de aguas residuales y para grabado qu\u00edmico.Tambi\u00e9n se usa en grabados, textiles y fotograf\u00eda, as\u00ed como desinfectante y aditivo para piensos.<\/p>","protected":false},"featured_media":6367,"comment_status":"open","ping_status":"closed","template":"","meta":{"_joinchat":[]},"product_cat":[291],"product_tag":[248],"_links":{"self":[{"href":"https:\/\/insuquim.cl\/es\/wp-json\/wp\/v2\/product\/6900"}],"collection":[{"href":"https:\/\/insuquim.cl\/es\/wp-json\/wp\/v2\/product"}],"about":[{"href":"https:\/\/insuquim.cl\/es\/wp-json\/wp\/v2\/types\/product"}],"replies":[{"embeddable":true,"href":"https:\/\/insuquim.cl\/es\/wp-json\/wp\/v2\/comments?post=6900"}],"wp:featuredmedia":[{"embeddable":true,"href":"https:\/\/insuquim.cl\/es\/wp-json\/wp\/v2\/media\/6367"}],"wp:attachment":[{"href":"https:\/\/insuquim.cl\/es\/wp-json\/wp\/v2\/media?parent=6900"}],"wp:term":[{"taxonomy":"product_cat","embeddable":true,"href":"https:\/\/insuquim.cl\/es\/wp-json\/wp\/v2\/product_cat?post=6900"},{"taxonomy":"product_tag","embeddable":true,"href":"https:\/\/insuquim.cl\/es\/wp-json\/wp\/v2\/product_tag?post=6900"}],"curies":[{"name":"wp","href":"https:\/\/api.w.org\/{rel}","templated":true}]}}