{"id":6910,"date":"2023-10-01T21:05:17","date_gmt":"2023-10-01T21:05:17","guid":{"rendered":"https:\/\/insuquim.cl\/producto\/dextrosa-anh\/"},"modified":"2023-10-01T21:05:17","modified_gmt":"2023-10-01T21:05:17","slug":"dextrosa-anh","status":"publish","type":"product","link":"https:\/\/insuquim.cl\/es\/producto\/dextrosa-anh","title":{"rendered":"DEXTROSA ANH"},"content":{"rendered":"<p>La dextrosa anhidra es un polvo cristalino, inodoro y de sabor dulce. Esta dextrosa es un az\u00facar simple, qu\u00edmicamente id\u00e9ntico a la glucosa que aporta 4 kcal por gramo y tiene diversos usos como aditivo en la industria de alimentos. La dextrosa anhidra tambi\u00e9n permite aumentar la vida \u00fatil de los productos al inhibir la actividad de diversas bacterias. Adicionalmente, se utiliza para equilibrar la dulzura de los alimentos, ya que complementa bien los diferentes sabores al ser refrescante y agradable. <\/p>","protected":false},"excerpt":{"rendered":"<p>La dextrosa anhidra es un polvo cristalino, inodoro y de sabor dulce. Esta dextrosa es un az\u00facar simple, qu\u00edmicamente id\u00e9ntico a la glucosa que aporta 4 kcal por gramo y tiene diversos usos como aditivo en la industria de alimentos. La dextrosa anhidra tambi\u00e9n permite aumentar la vida \u00fatil de los productos al inhibir la actividad de diversas bacterias. Adicionalmente, se utiliza para equilibrar la dulzura de los alimentos, ya que complementa bien los diferentes sabores al ser refrescante y agradable. <\/p>","protected":false},"featured_media":6380,"comment_status":"open","ping_status":"closed","template":"","meta":{"_joinchat":[]},"product_cat":[296],"product_tag":[244],"_links":{"self":[{"href":"https:\/\/insuquim.cl\/es\/wp-json\/wp\/v2\/product\/6910"}],"collection":[{"href":"https:\/\/insuquim.cl\/es\/wp-json\/wp\/v2\/product"}],"about":[{"href":"https:\/\/insuquim.cl\/es\/wp-json\/wp\/v2\/types\/product"}],"replies":[{"embeddable":true,"href":"https:\/\/insuquim.cl\/es\/wp-json\/wp\/v2\/comments?post=6910"}],"wp:featuredmedia":[{"embeddable":true,"href":"https:\/\/insuquim.cl\/es\/wp-json\/wp\/v2\/media\/6380"}],"wp:attachment":[{"href":"https:\/\/insuquim.cl\/es\/wp-json\/wp\/v2\/media?parent=6910"}],"wp:term":[{"taxonomy":"product_cat","embeddable":true,"href":"https:\/\/insuquim.cl\/es\/wp-json\/wp\/v2\/product_cat?post=6910"},{"taxonomy":"product_tag","embeddable":true,"href":"https:\/\/insuquim.cl\/es\/wp-json\/wp\/v2\/product_tag?post=6910"}],"curies":[{"name":"wp","href":"https:\/\/api.w.org\/{rel}","templated":true}]}}