{"id":6918,"date":"2023-10-01T21:05:18","date_gmt":"2023-10-01T21:05:18","guid":{"rendered":"https:\/\/insuquim.cl\/producto\/dowanol-dpm\/"},"modified":"2023-10-01T21:05:18","modified_gmt":"2023-10-01T21:05:18","slug":"dowanol-dpm","status":"publish","type":"product","link":"https:\/\/insuquim.cl\/es\/producto\/dowanol-dpm","title":{"rendered":"DOWANOL DPM"},"content":{"rendered":"<p>El Dowanol PM (PROPILEN GLICOL METIL ETER) es un l\u00edquido incoloro con un ligero y agradable olor. Se utiliza como disolvente en pinturas, pastas, tintes, resinas, l\u00edquidos de frenos y tintas, y tambi\u00e9n se utiliza en la fabricaci\u00f3n de cosm\u00e9ticos. Disolvente industrial para formulaciones de productos para limpieza dom\u00e9sticos e industriales, removedores de \u00f3xido y limpiadores de superficies duras.<\/p>","protected":false},"excerpt":{"rendered":"<p>El Dowanol PM (PROPILEN GLICOL METIL ETER) es un l\u00edquido incoloro con un ligero y agradable olor. Se utiliza como disolvente en pinturas, pastas, tintes, resinas, l\u00edquidos de frenos y tintas, y tambi\u00e9n se utiliza en la fabricaci\u00f3n de cosm\u00e9ticos. Disolvente industrial para formulaciones de productos para limpieza dom\u00e9sticos e industriales, removedores de \u00f3xido y limpiadores de superficies duras.<\/p>","protected":false},"featured_media":6390,"comment_status":"open","ping_status":"closed","template":"","meta":{"_joinchat":[]},"product_cat":[301],"product_tag":[254],"_links":{"self":[{"href":"https:\/\/insuquim.cl\/es\/wp-json\/wp\/v2\/product\/6918"}],"collection":[{"href":"https:\/\/insuquim.cl\/es\/wp-json\/wp\/v2\/product"}],"about":[{"href":"https:\/\/insuquim.cl\/es\/wp-json\/wp\/v2\/types\/product"}],"replies":[{"embeddable":true,"href":"https:\/\/insuquim.cl\/es\/wp-json\/wp\/v2\/comments?post=6918"}],"wp:featuredmedia":[{"embeddable":true,"href":"https:\/\/insuquim.cl\/es\/wp-json\/wp\/v2\/media\/6390"}],"wp:attachment":[{"href":"https:\/\/insuquim.cl\/es\/wp-json\/wp\/v2\/media?parent=6918"}],"wp:term":[{"taxonomy":"product_cat","embeddable":true,"href":"https:\/\/insuquim.cl\/es\/wp-json\/wp\/v2\/product_cat?post=6918"},{"taxonomy":"product_tag","embeddable":true,"href":"https:\/\/insuquim.cl\/es\/wp-json\/wp\/v2\/product_tag?post=6918"}],"curies":[{"name":"wp","href":"https:\/\/api.w.org\/{rel}","templated":true}]}}