{"id":6922,"date":"2023-10-01T21:05:21","date_gmt":"2023-10-01T21:05:21","guid":{"rendered":"https:\/\/insuquim.cl\/producto\/etanol-96-alcohol-etilico-desnaturalizado-96\/"},"modified":"2023-10-01T21:05:21","modified_gmt":"2023-10-01T21:05:21","slug":"etanol-96-alcohol-etilico-desnaturalizado-96","status":"publish","type":"product","link":"https:\/\/insuquim.cl\/es\/producto\/etanol-96-alcohol-etilico-desnaturalizado-96","title":{"rendered":"ETANOL 96% (ALCOHOL ETILICO DESNATURALIZADO 96%)"},"content":{"rendered":"<p>Tambi\u00e9n llamado bioetanol o etanol para chimeneas. Es un solvente soluble en agua e inflamable utilizado en la industria qu\u00edmica en la elaboraci\u00f3n de perfumes y ambientadores, as\u00ed como combustible industrial y dom\u00e9stico. Debido a su bajo punto de congelaci\u00f3n, ha sido empleado como fluido en term\u00f3metros para medir temperaturas inferiores al punto de congelaci\u00f3n del mercurio, -40 \u00b0C, y como anticongelante en radiadores de autom\u00f3viles.<\/p>","protected":false},"excerpt":{"rendered":"<p>Tambi\u00e9n llamado bioetanol o etanol para chimeneas. Es un solvente soluble en agua e inflamable utilizado en la industria qu\u00edmica en la elaboraci\u00f3n de perfumes y ambientadores, as\u00ed como combustible industrial y dom\u00e9stico. Debido a su bajo punto de congelaci\u00f3n, ha sido empleado como fluido en term\u00f3metros para medir temperaturas inferiores al punto de congelaci\u00f3n del mercurio, -40 \u00b0C, y como anticongelante en radiadores de autom\u00f3viles.<\/p>","protected":false},"featured_media":6394,"comment_status":"open","ping_status":"closed","template":"","meta":{"_joinchat":[]},"product_cat":[257],"product_tag":[249],"_links":{"self":[{"href":"https:\/\/insuquim.cl\/es\/wp-json\/wp\/v2\/product\/6922"}],"collection":[{"href":"https:\/\/insuquim.cl\/es\/wp-json\/wp\/v2\/product"}],"about":[{"href":"https:\/\/insuquim.cl\/es\/wp-json\/wp\/v2\/types\/product"}],"replies":[{"embeddable":true,"href":"https:\/\/insuquim.cl\/es\/wp-json\/wp\/v2\/comments?post=6922"}],"wp:featuredmedia":[{"embeddable":true,"href":"https:\/\/insuquim.cl\/es\/wp-json\/wp\/v2\/media\/6394"}],"wp:attachment":[{"href":"https:\/\/insuquim.cl\/es\/wp-json\/wp\/v2\/media?parent=6922"}],"wp:term":[{"taxonomy":"product_cat","embeddable":true,"href":"https:\/\/insuquim.cl\/es\/wp-json\/wp\/v2\/product_cat?post=6922"},{"taxonomy":"product_tag","embeddable":true,"href":"https:\/\/insuquim.cl\/es\/wp-json\/wp\/v2\/product_tag?post=6922"}],"curies":[{"name":"wp","href":"https:\/\/api.w.org\/{rel}","templated":true}]}}