{"id":6925,"date":"2023-10-01T21:05:22","date_gmt":"2023-10-01T21:05:22","guid":{"rendered":"https:\/\/insuquim.cl\/producto\/formalina-formol-37\/"},"modified":"2023-10-01T21:05:22","modified_gmt":"2023-10-01T21:05:22","slug":"formalina-formol-37","status":"publish","type":"product","link":"https:\/\/insuquim.cl\/es\/producto\/formalina-formol-37","title":{"rendered":"FORMALINA (FORMOL) 37%"},"content":{"rendered":"<p>Tambi\u00e9n llamado formol o formaldehido. Es una soluci\u00f3n acuosa de olor fuerte y desagradable caracterizada por ser un poderoso antis\u00e9ptico o desinfectante. Tambi\u00e9n es conocido en la conservaci\u00f3n de las muestras biol\u00f3gicas, tejidos, y cad\u00e1veres frescos. Otros usos se refieren a la fabricaci\u00f3n de productos de higiene femenina, cremas de ba\u00f1os, como es el caso de la keratina y alisados permanentes. Adicional es utilizado en la industria de detergentes, pinturas, fertilizantes, papel, pl\u00e1sticos y resinas.<\/p>","protected":false},"excerpt":{"rendered":"<p>Tambi\u00e9n llamado formol o formaldehido. Es una soluci\u00f3n acuosa de olor fuerte y desagradable caracterizada por ser un poderoso antis\u00e9ptico o desinfectante. Tambi\u00e9n es conocido en la conservaci\u00f3n de las muestras biol\u00f3gicas, tejidos, y cad\u00e1veres frescos. Otros usos se refieren a la fabricaci\u00f3n de productos de higiene femenina, cremas de ba\u00f1os, como es el caso de la keratina y alisados permanentes. Adicional es utilizado en la industria de detergentes, pinturas, fertilizantes, papel, pl\u00e1sticos y resinas.<\/p>","protected":false},"featured_media":6397,"comment_status":"open","ping_status":"closed","template":"","meta":{"_joinchat":[]},"product_cat":[306],"product_tag":[269],"_links":{"self":[{"href":"https:\/\/insuquim.cl\/es\/wp-json\/wp\/v2\/product\/6925"}],"collection":[{"href":"https:\/\/insuquim.cl\/es\/wp-json\/wp\/v2\/product"}],"about":[{"href":"https:\/\/insuquim.cl\/es\/wp-json\/wp\/v2\/types\/product"}],"replies":[{"embeddable":true,"href":"https:\/\/insuquim.cl\/es\/wp-json\/wp\/v2\/comments?post=6925"}],"wp:featuredmedia":[{"embeddable":true,"href":"https:\/\/insuquim.cl\/es\/wp-json\/wp\/v2\/media\/6397"}],"wp:attachment":[{"href":"https:\/\/insuquim.cl\/es\/wp-json\/wp\/v2\/media?parent=6925"}],"wp:term":[{"taxonomy":"product_cat","embeddable":true,"href":"https:\/\/insuquim.cl\/es\/wp-json\/wp\/v2\/product_cat?post=6925"},{"taxonomy":"product_tag","embeddable":true,"href":"https:\/\/insuquim.cl\/es\/wp-json\/wp\/v2\/product_tag?post=6925"}],"curies":[{"name":"wp","href":"https:\/\/api.w.org\/{rel}","templated":true}]}}