{"id":6926,"date":"2023-10-01T21:05:22","date_gmt":"2023-10-01T21:05:22","guid":{"rendered":"https:\/\/insuquim.cl\/producto\/fosfato-diamonico-soluble-tecnico\/"},"modified":"2023-10-01T21:05:22","modified_gmt":"2023-10-01T21:05:22","slug":"fosfato-diamonico-soluble-tecnico","status":"publish","type":"product","link":"https:\/\/insuquim.cl\/es\/producto\/fosfato-diamonico-soluble-tecnico","title":{"rendered":"FOSFATO DIAMONICO SOLUBLE TECNICO"},"content":{"rendered":"<p>El hidr\u00f3genofosfato de amonio, fosfato mono\u00e1cido de amonio o fosfato diam\u00f3nico (DAP de sus siglas en ingl\u00e9s) es una de las sales de fosfato de amonio solubles en agua que se puede producir a partir de la reacci\u00f3n de neutralizaci\u00f3n entre el \u00e1cido fosf\u00f3rico y el amoniaco. El uso principal del DAP es el de fertilizante ya que es una excelente fuente de f\u00f3sforo (P) y nitr\u00f3geno (N) para la nutrici\u00f3n de las plantas. Es altamente soluble y por lo tanto se disuelve r\u00e1pidamente en el suelo para liberar fosfato y amonio disponible para los cultivos; el amonio presente en este compuesto es una muy buena fuente de N, el cual es convertido gradualmente en nitrato por las bacterias del suelo, resultando en una disminuci\u00f3n ulterior del pH. El Fosfato Diam\u00f3nico genera un efecto arrancador en los cultivos extensivos. Debido a su mayor contenido de nitr\u00f3geno, es bueno para los cultivos que requieren dicho nutriente en su etapa inicial. Es un producto con alta solubilidad en agua, lo que asegura una r\u00e1pida respuesta a la fertilizaci\u00f3n. El nitr\u00f3geno incluido permite cubrir parte de las necesidades del cultivo durante el primer per\u00edodo de crecimiento de la planta<\/p>","protected":false},"excerpt":{"rendered":"<p>El hidr\u00f3genofosfato de amonio, fosfato mono\u00e1cido de amonio o fosfato diam\u00f3nico (DAP de sus siglas en ingl\u00e9s) es una de las sales de fosfato de amonio solubles en agua que se puede producir a partir de la reacci\u00f3n de neutralizaci\u00f3n entre el \u00e1cido fosf\u00f3rico y el amoniaco. El uso principal del DAP es el de fertilizante ya que es una excelente fuente de f\u00f3sforo (P) y nitr\u00f3geno (N) para la nutrici\u00f3n de las plantas. Es altamente soluble y por lo tanto se disuelve r\u00e1pidamente en el suelo para liberar fosfato y amonio disponible para los cultivos; el amonio presente en este compuesto es una muy buena fuente de N, el cual es convertido gradualmente en nitrato por las bacterias del suelo, resultando en una disminuci\u00f3n ulterior del pH. El Fosfato Diam\u00f3nico genera un efecto arrancador en los cultivos extensivos. Debido a su mayor contenido de nitr\u00f3geno, es bueno para los cultivos que requieren dicho nutriente en su etapa inicial. Es un producto con alta solubilidad en agua, lo que asegura una r\u00e1pida respuesta a la fertilizaci\u00f3n. El nitr\u00f3geno incluido permite cubrir parte de las necesidades del cultivo durante el primer per\u00edodo de crecimiento de la planta<\/p>","protected":false},"featured_media":6397,"comment_status":"open","ping_status":"closed","template":"","meta":{"_joinchat":[]},"product_cat":[307],"product_tag":[247],"_links":{"self":[{"href":"https:\/\/insuquim.cl\/es\/wp-json\/wp\/v2\/product\/6926"}],"collection":[{"href":"https:\/\/insuquim.cl\/es\/wp-json\/wp\/v2\/product"}],"about":[{"href":"https:\/\/insuquim.cl\/es\/wp-json\/wp\/v2\/types\/product"}],"replies":[{"embeddable":true,"href":"https:\/\/insuquim.cl\/es\/wp-json\/wp\/v2\/comments?post=6926"}],"wp:featuredmedia":[{"embeddable":true,"href":"https:\/\/insuquim.cl\/es\/wp-json\/wp\/v2\/media\/6397"}],"wp:attachment":[{"href":"https:\/\/insuquim.cl\/es\/wp-json\/wp\/v2\/media?parent=6926"}],"wp:term":[{"taxonomy":"product_cat","embeddable":true,"href":"https:\/\/insuquim.cl\/es\/wp-json\/wp\/v2\/product_cat?post=6926"},{"taxonomy":"product_tag","embeddable":true,"href":"https:\/\/insuquim.cl\/es\/wp-json\/wp\/v2\/product_tag?post=6926"}],"curies":[{"name":"wp","href":"https:\/\/api.w.org\/{rel}","templated":true}]}}