{"id":6928,"date":"2023-10-01T21:05:23","date_gmt":"2023-10-01T21:05:23","guid":{"rendered":"https:\/\/insuquim.cl\/producto\/fosfato-monoamonico-cristalizado\/"},"modified":"2023-10-01T21:05:23","modified_gmt":"2023-10-01T21:05:23","slug":"fosfato-monoamonico-cristalizado","status":"publish","type":"product","link":"https:\/\/insuquim.cl\/es\/producto\/fosfato-monoamonico-cristalizado","title":{"rendered":"FOSFATO MONOAMONICO CRISTALIZADO"},"content":{"rendered":"<p>El dihidr\u00f3geno fosfato de amonio o fosfato monoam\u00f3nico (MAP de las siglas en ingl\u00e9s), es una de las sales de fosfato de amonio solubles en agua que se puede producir cuando el amoniaco reacciona con el \u00e1cido fosf\u00f3rico hasta que la disoluci\u00f3n es claramente \u00e1cida. Cristaliza en prismas tetragonales. El fosfato monoam\u00f3nico se utiliza a menudo en la mezcla de fertilizantes agr\u00edcolas. Suministra al suelo los elementos nutritivos de nitr\u00f3geno y f\u00f3sforo en una forma utilizable por las plantas. El compuesto tambi\u00e9n es un componente del polvo ABC en algunos extintores de incendios (polvo qu\u00edmico seco ABC).Utilizado como fuente de f\u00f3sforo y potasio en fertirriego. Adem\u00e1s, fertilizante complejo PK para aplicaci\u00f3n foliar y al suelo. Ideal para su uso al comienzo de la temporada del cultivo, cuando la disponibilidad de f\u00f3sforo es vital para el establecimiento del sistema radicular.<\/p>","protected":false},"excerpt":{"rendered":"<p>El dihidr\u00f3geno fosfato de amonio o fosfato monoam\u00f3nico (MAP de las siglas en ingl\u00e9s), es una de las sales de fosfato de amonio solubles en agua que se puede producir cuando el amoniaco reacciona con el \u00e1cido fosf\u00f3rico hasta que la disoluci\u00f3n es claramente \u00e1cida. Cristaliza en prismas tetragonales. El fosfato monoam\u00f3nico se utiliza a menudo en la mezcla de fertilizantes agr\u00edcolas. Suministra al suelo los elementos nutritivos de nitr\u00f3geno y f\u00f3sforo en una forma utilizable por las plantas. El compuesto tambi\u00e9n es un componente del polvo ABC en algunos extintores de incendios (polvo qu\u00edmico seco ABC).Utilizado como fuente de f\u00f3sforo y potasio en fertirriego. Adem\u00e1s, fertilizante complejo PK para aplicaci\u00f3n foliar y al suelo. Ideal para su uso al comienzo de la temporada del cultivo, cuando la disponibilidad de f\u00f3sforo es vital para el establecimiento del sistema radicular.<\/p>","protected":false},"featured_media":6400,"comment_status":"open","ping_status":"closed","template":"","meta":{"_joinchat":[]},"product_cat":[307],"product_tag":[247],"_links":{"self":[{"href":"https:\/\/insuquim.cl\/es\/wp-json\/wp\/v2\/product\/6928"}],"collection":[{"href":"https:\/\/insuquim.cl\/es\/wp-json\/wp\/v2\/product"}],"about":[{"href":"https:\/\/insuquim.cl\/es\/wp-json\/wp\/v2\/types\/product"}],"replies":[{"embeddable":true,"href":"https:\/\/insuquim.cl\/es\/wp-json\/wp\/v2\/comments?post=6928"}],"wp:featuredmedia":[{"embeddable":true,"href":"https:\/\/insuquim.cl\/es\/wp-json\/wp\/v2\/media\/6400"}],"wp:attachment":[{"href":"https:\/\/insuquim.cl\/es\/wp-json\/wp\/v2\/media?parent=6928"}],"wp:term":[{"taxonomy":"product_cat","embeddable":true,"href":"https:\/\/insuquim.cl\/es\/wp-json\/wp\/v2\/product_cat?post=6928"},{"taxonomy":"product_tag","embeddable":true,"href":"https:\/\/insuquim.cl\/es\/wp-json\/wp\/v2\/product_tag?post=6928"}],"curies":[{"name":"wp","href":"https:\/\/api.w.org\/{rel}","templated":true}]}}