{"id":6930,"date":"2023-10-01T21:05:24","date_gmt":"2023-10-01T21:05:24","guid":{"rendered":"https:\/\/insuquim.cl\/producto\/fosfato-trisodico-anhidro\/"},"modified":"2023-10-01T21:05:24","modified_gmt":"2023-10-01T21:05:24","slug":"fosfato-trisodico-anhidro","status":"publish","type":"product","link":"https:\/\/insuquim.cl\/es\/producto\/fosfato-trisodico-anhidro","title":{"rendered":"FOSFATO TRISODICO ANHIDRO"},"content":{"rendered":"<p>El Fosfato Tris\u00f3dico Anhidro alimentario es un compuesto inorg\u00e1nico en forma de peque\u00f1os gr\u00e1nulos blancos, inodoro, altamente soluble en agua y en su forma anhidra, no contiene mol\u00e9culas de agua en su estructura. Es un producto de gran utilidad en diversos sectores, incluyendo la limpieza, la pintura y la industria alimentaria. Es un agente de limpieza, aditivo de comidas, removedor de manchas y desengrasante. Es blanco, granular y s\u00f3lido cristalino, altamente soluble en agua, produciendo una soluci\u00f3n alcalina. Para su comercializaci\u00f3n, a menudo es hidratado (Na3PO4\u00b712H2O) y puede variar el rango, hasta su estado anhidro (Na3PO4).<\/p>","protected":false},"excerpt":{"rendered":"<p>El Fosfato Tris\u00f3dico Anhidro alimentario es un compuesto inorg\u00e1nico en forma de peque\u00f1os gr\u00e1nulos blancos, inodoro, altamente soluble en agua y en su forma anhidra, no contiene mol\u00e9culas de agua en su estructura. Es un producto de gran utilidad en diversos sectores, incluyendo la limpieza, la pintura y la industria alimentaria. Es un agente de limpieza, aditivo de comidas, removedor de manchas y desengrasante. Es blanco, granular y s\u00f3lido cristalino, altamente soluble en agua, produciendo una soluci\u00f3n alcalina. Para su comercializaci\u00f3n, a menudo es hidratado (Na3PO4\u00b712H2O) y puede variar el rango, hasta su estado anhidro (Na3PO4).<\/p>","protected":false},"featured_media":6402,"comment_status":"open","ping_status":"closed","template":"","meta":{"_joinchat":[]},"product_cat":[307],"product_tag":[247],"_links":{"self":[{"href":"https:\/\/insuquim.cl\/es\/wp-json\/wp\/v2\/product\/6930"}],"collection":[{"href":"https:\/\/insuquim.cl\/es\/wp-json\/wp\/v2\/product"}],"about":[{"href":"https:\/\/insuquim.cl\/es\/wp-json\/wp\/v2\/types\/product"}],"replies":[{"embeddable":true,"href":"https:\/\/insuquim.cl\/es\/wp-json\/wp\/v2\/comments?post=6930"}],"wp:featuredmedia":[{"embeddable":true,"href":"https:\/\/insuquim.cl\/es\/wp-json\/wp\/v2\/media\/6402"}],"wp:attachment":[{"href":"https:\/\/insuquim.cl\/es\/wp-json\/wp\/v2\/media?parent=6930"}],"wp:term":[{"taxonomy":"product_cat","embeddable":true,"href":"https:\/\/insuquim.cl\/es\/wp-json\/wp\/v2\/product_cat?post=6930"},{"taxonomy":"product_tag","embeddable":true,"href":"https:\/\/insuquim.cl\/es\/wp-json\/wp\/v2\/product_tag?post=6930"}],"curies":[{"name":"wp","href":"https:\/\/api.w.org\/{rel}","templated":true}]}}